{"id":7697,"date":"2017-08-07T09:23:20","date_gmt":"2017-08-07T09:23:20","guid":{"rendered":"https:\/\/cimasoluciones.cl\/index.php\/blog-right-sidebar\/"},"modified":"2017-08-07T09:23:20","modified_gmt":"2017-08-07T09:23:20","slug":"blog-right-sidebar","status":"publish","type":"page","link":"https:\/\/cimasoluciones.cl\/index.php\/blog-right-sidebar\/","title":{"rendered":"Blog Right Sidebar"},"content":{"rendered":"[vc_row][vc_column]<section id='posts_grid_69f50b46c3d20' class='news hovernone blog_post posts_grid post_posts_grid posts_grid_1 posts_grid_grid'><div class='cws_vc_shortcode_wrapper'><div class='cws_vc_shortcode_grid grid isotope layout-1'><article id='post_post_69f50b46c498b' class=\"item post post_post posts_grid_post  no_tax post-16306 type-post status-publish format-standard has-post-thumbnail hentry category-experiencia\"><div class='post_wrapper post_post_wrapper posts_grid_post_wrapper clearfix'><div class='post_media post_post_media posts_grid_post_media'><div class='meta_date'><div class='date-content'> <span class='date-c'>Agosto<\/span> <span class='date-c'>28,<\/span> <span class='date-c'>2023<\/span> <\/div><\/div><div class='pic'><img src='https:\/\/cimasoluciones.cl\/wp-content\/uploads\/2023\/08\/conadi_049202f70_16308.png' data-no-retina alt \/><div class='hover-effect'><\/div><\/div><\/div><div class='post_post_info posts_grid_post_info'><div><h3 class='post_title post_post_title posts_grid_post_title'><a href='https:\/\/cimasoluciones.cl\/index.php\/2023\/08\/28\/2020-2021\/'>2020-2021<\/a><\/h3><\/div><div class='post_content post_post_content posts_grid_post_content clearfix'><\/div><div class='post_bottom_wrapper'><div class='post_meta post_info post_post_meta posts_grid_post_meta'><div class='info'>by <span class='post_author'><a href=\"https:\/\/cimasoluciones.cl\/index.php\/author\/tkukp2txfe\/\" title=\"Entradas de CIMA\" rel=\"author\">CIMA<\/a><\/span><\/div><div class='like new_style'><span class=\"sl-wrapper\"><a href=\"https:\/\/cimasoluciones.cl\/wp-admin\/admin-ajax.php?action=cws_vc_shortcode_process_simple_like&post_id=16306&nonce=ae5b649e5e&is_comment=0&disabled=true\" class=\"sl-button sl-button-16306\" data-nonce=\"ae5b649e5e\" data-post-id=\"16306\" data-iscomment=\"0\" title=\"Like\"><span class=\"sl-icon liked\"><\/span><span class=\"sl-count\">165 likes<\/span><\/a><span class=\"sl-loader\"><\/span><\/span><\/div><\/div><\/div><\/div><\/div><\/article><article id='post_post_69f50b46c548c' class=\"item post post_post posts_grid_post  no_tax post-1789 type-post status-publish format-standard has-post-thumbnail hentry category-experiencia\"><div class='post_wrapper post_post_wrapper posts_grid_post_wrapper clearfix'><div class='post_media post_post_media posts_grid_post_media'><div class='meta_date'><div class='date-content'> <span class='date-c'>Octubre<\/span> <span class='date-c'>19,<\/span> <span class='date-c'>2020<\/span> <\/div><\/div><div class='pic'><img src='https:\/\/cimasoluciones.cl\/wp-content\/uploads\/2019\/09\/indap_049203260_15824.png' data-no-retina alt \/><div class='hover-effect'><\/div><\/div><\/div><div class='post_post_info posts_grid_post_info'><div><h3 class='post_title post_post_title posts_grid_post_title'><a href='https:\/\/cimasoluciones.cl\/index.php\/2020\/10\/19\/indap-2\/'>2019 &#8211; 2020<\/a><\/h3><\/div><div class='post_content post_post_content posts_grid_post_content clearfix'><p>Programa de Asociatividad Econ\u00f3mica para la unidad operativa regional, Regi\u00f3n de Los R\u00edos Cooperativa Agr\u00edcola, Tur\u00edstica y Cultural Man Pewma Ltda (Sector Pucura . Panguipulli) Cooperativa Agrotur\u00edstica de Liqui\u00f1e Cooperativa Campesina Mapuche y de Servicios Silvoagropecuarios Pillinque Alto<br \/>\nLtda.<\/p>\n<\/div><div class='post_bottom_wrapper'><div class='post_button clearfix btn-read-more'><a href='https:\/\/cimasoluciones.cl\/index.php\/2020\/10\/19\/indap-2\/' class='more-link'>\/ READ MORE<\/a><\/div><div class='post_meta post_info post_post_meta posts_grid_post_meta'><div class='info'>by <span class='post_author'><a href=\"https:\/\/cimasoluciones.cl\/index.php\/author\/tkukp2txfe\/\" title=\"Entradas de CIMA\" rel=\"author\">CIMA<\/a><\/span><\/div><div class='like new_style'><span class=\"sl-wrapper\"><a href=\"https:\/\/cimasoluciones.cl\/wp-admin\/admin-ajax.php?action=cws_vc_shortcode_process_simple_like&post_id=1789&nonce=ae5b649e5e&is_comment=0&disabled=true\" class=\"sl-button sl-button-1789\" data-nonce=\"ae5b649e5e\" data-post-id=\"1789\" data-iscomment=\"0\" title=\"Like\"><span class=\"sl-icon liked\"><\/span><span class=\"sl-count\">226 likes<\/span><\/a><span class=\"sl-loader\"><\/span><\/span><\/div><\/div><\/div><\/div><\/div><\/article><article id='post_post_69f50b46c5a52' class=\"item post post_post posts_grid_post  no_tax post-15880 type-post status-publish format-standard has-post-thumbnail hentry category-experiencia\"><div class='post_wrapper post_post_wrapper posts_grid_post_wrapper clearfix'><div class='post_media post_post_media posts_grid_post_media'><div class='meta_date'><div class='date-content'> <span class='date-c'>Mayo<\/span> <span class='date-c'>26,<\/span> <span class='date-c'>2020<\/span> <\/div><\/div><div class='pic'><img src='https:\/\/cimasoluciones.cl\/wp-content\/uploads\/2020\/10\/FUDEA_049203260_15875.png' data-no-retina alt \/><div class='hover-effect'><\/div><a class='fancy post_media_link post_post_media_link posts_grid_post_media_link' href='https:\/\/cimasoluciones.cl\/wp-content\/uploads\/2020\/10\/FUDEA.png'><\/a><\/div><\/div><div class='post_post_info posts_grid_post_info'><div><h3 class='post_title post_post_title posts_grid_post_title'><a href='https:\/\/cimasoluciones.cl\/index.php\/2020\/05\/26\/aoi-fedeaufro-los-rios-3\/'>2019 &#8211; 2020<\/a><\/h3><\/div><div class='post_content post_post_content posts_grid_post_content clearfix'><p>Levantamiento y ejecuci\u00f3n de proyecto Creaci\u00f3n y desarrollo, Cooperativa Agrupaci\u00f3n de artesanos Kuim Mamull Che- Panguipulli<\/p>\n<\/div><div class='post_bottom_wrapper'><div class='post_button clearfix btn-read-more'><a href='https:\/\/cimasoluciones.cl\/index.php\/2020\/05\/26\/aoi-fedeaufro-los-rios-3\/' class='more-link'>\/ READ MORE<\/a><\/div><div class='post_meta post_info post_post_meta posts_grid_post_meta'><div class='info'>by <span class='post_author'><a href=\"https:\/\/cimasoluciones.cl\/index.php\/author\/tkukp2txfe\/\" title=\"Entradas de CIMA\" rel=\"author\">CIMA<\/a><\/span><\/div><div class='like new_style'><span class=\"sl-wrapper\"><a href=\"https:\/\/cimasoluciones.cl\/wp-admin\/admin-ajax.php?action=cws_vc_shortcode_process_simple_like&post_id=15880&nonce=ae5b649e5e&is_comment=0&disabled=true\" class=\"sl-button sl-button-15880\" data-nonce=\"ae5b649e5e\" data-post-id=\"15880\" data-iscomment=\"0\" title=\"Like\"><span class=\"sl-icon liked\"><\/span><span class=\"sl-count\">221 likes<\/span><\/a><span class=\"sl-loader\"><\/span><\/span><\/div><\/div><\/div><\/div><\/div><\/article><article id='post_post_69f50b46c5f41' class=\"item post post_post posts_grid_post  no_tax post-4363 type-post status-publish format-standard has-post-thumbnail hentry category-experiencia\"><div class='post_wrapper post_post_wrapper posts_grid_post_wrapper clearfix'><div class='post_media post_post_media posts_grid_post_media'><div class='meta_date'><div class='date-content'> <span class='date-c'>Septiembre<\/span> <span class='date-c'>19,<\/span> <span class='date-c'>2019<\/span> <\/div><\/div><div class='pic'><img src='https:\/\/cimasoluciones.cl\/wp-content\/uploads\/2017\/12\/FOMENTO_049203260_15840.png' data-no-retina alt \/><div class='hover-effect'><\/div><a class='fancy post_media_link post_post_media_link posts_grid_post_media_link' href='https:\/\/cimasoluciones.cl\/wp-content\/uploads\/2017\/12\/FOMENTO.png'><\/a><\/div><\/div><div class='post_post_info posts_grid_post_info'><div><h3 class='post_title post_post_title posts_grid_post_title'><a href='https:\/\/cimasoluciones.cl\/index.php\/2019\/09\/19\/fomento\/'>2017 \/ 2020<\/a><\/h3><\/div><div class='post_content post_post_content posts_grid_post_content clearfix'><p>Ejecuci\u00f3n etapa diagnostico \u2013 Programa Red Asociativa \u2013 Empresas cerveceras de la regi\u00f3n; Estudio de mercado y plan de negocios asociativo,, entre otros estudios para empresas del sector cerveza artesanal de la regi\u00f3n de Los R\u00edos (Calle Calle, Duende, Lluvia Valdiviana, Silmour) &#8211; Instrumentos Red A<\/p>\n<\/div><div class='post_bottom_wrapper'><div class='post_button clearfix btn-read-more'><a href='https:\/\/cimasoluciones.cl\/index.php\/2019\/09\/19\/fomento\/' class='more-link'>\/ READ MORE<\/a><\/div><div class='post_meta post_info post_post_meta posts_grid_post_meta'><div class='info'>by <span class='post_author'><a href=\"https:\/\/cimasoluciones.cl\/index.php\/author\/tkukp2txfe\/\" title=\"Entradas de CIMA\" rel=\"author\">CIMA<\/a><\/span><\/div><div class='like new_style'><span class=\"sl-wrapper\"><a href=\"https:\/\/cimasoluciones.cl\/wp-admin\/admin-ajax.php?action=cws_vc_shortcode_process_simple_like&post_id=4363&nonce=ae5b649e5e&is_comment=0&disabled=true\" class=\"sl-button sl-button-4363\" data-nonce=\"ae5b649e5e\" data-post-id=\"4363\" data-iscomment=\"0\" title=\"Like\"><span class=\"sl-icon liked\"><\/span><span class=\"sl-count\">225 likes<\/span><\/a><span class=\"sl-loader\"><\/span><\/span><\/div><\/div><\/div><\/div><\/div><\/article><article id='post_post_69f50b46c63e8' class=\"item post post_post posts_grid_post  no_tax post-15889 type-post status-publish format-standard has-post-thumbnail hentry category-experiencia\"><div class='post_wrapper post_post_wrapper posts_grid_post_wrapper clearfix'><div class='post_media post_post_media posts_grid_post_media'><div class='meta_date'><div class='date-content'> <span class='date-c'>Septiembre<\/span> <span class='date-c'>10,<\/span> <span class='date-c'>2019<\/span> <\/div><\/div><div class='pic'><img src='https:\/\/cimasoluciones.cl\/wp-content\/uploads\/2015\/06\/SENAMA_049203260_15836.png' data-no-retina alt \/><div class='hover-effect'><\/div><a class='fancy post_media_link post_post_media_link posts_grid_post_media_link' href='https:\/\/cimasoluciones.cl\/wp-content\/uploads\/2015\/06\/SENAMA.png'><\/a><\/div><\/div><div class='post_post_info posts_grid_post_info'><div><h3 class='post_title post_post_title posts_grid_post_title'><a href='https:\/\/cimasoluciones.cl\/index.php\/2019\/09\/10\/taller-de-computacion\/'>2019<\/a><\/h3><\/div><div class='post_content post_post_content posts_grid_post_content clearfix'><p>Relator\u00eda de talleres de &#8220;Computaci\u00f3n&#8221;, para adultos mayores, Regi\u00f3n de Los R\u00edos.<\/p>\n<\/div><div class='post_bottom_wrapper'><div class='post_button clearfix btn-read-more'><a href='https:\/\/cimasoluciones.cl\/index.php\/2019\/09\/10\/taller-de-computacion\/' class='more-link'>\/ READ MORE<\/a><\/div><div class='post_meta post_info post_post_meta posts_grid_post_meta'><div class='info'>by <span class='post_author'><a href=\"https:\/\/cimasoluciones.cl\/index.php\/author\/tkukp2txfe\/\" title=\"Entradas de CIMA\" rel=\"author\">CIMA<\/a><\/span><\/div><div class='like new_style'><span class=\"sl-wrapper\"><a href=\"https:\/\/cimasoluciones.cl\/wp-admin\/admin-ajax.php?action=cws_vc_shortcode_process_simple_like&post_id=15889&nonce=ae5b649e5e&is_comment=0&disabled=true\" class=\"sl-button sl-button-15889\" data-nonce=\"ae5b649e5e\" data-post-id=\"15889\" data-iscomment=\"0\" title=\"Like\"><span class=\"sl-icon liked\"><\/span><span class=\"sl-count\">209 likes<\/span><\/a><span class=\"sl-loader\"><\/span><\/span><\/div><\/div><\/div><\/div><\/div><\/article><article id='post_post_69f50b46ca944' class=\"item post post_post posts_grid_post  no_tax post-4360 type-post status-publish format-standard has-post-thumbnail hentry category-experiencia\"><div class='post_wrapper post_post_wrapper posts_grid_post_wrapper clearfix'><div class='post_media post_post_media posts_grid_post_media'><div class='meta_date'><div class='date-content'> <span class='date-c'>Diciembre<\/span> <span class='date-c'>13,<\/span> <span class='date-c'>2017<\/span> <\/div><\/div><div class='pic'><img src='https:\/\/cimasoluciones.cl\/wp-content\/uploads\/2017\/12\/SANTO-1_049203260_15838.png' data-no-retina alt \/><div class='hover-effect'><\/div><a class='fancy post_media_link post_post_media_link posts_grid_post_media_link' href='https:\/\/cimasoluciones.cl\/wp-content\/uploads\/2017\/12\/SANTO-1.png'><\/a><\/div><\/div><div class='post_post_info posts_grid_post_info'><div><h3 class='post_title post_post_title posts_grid_post_title'><a href='https:\/\/cimasoluciones.cl\/index.php\/2017\/12\/13\/universidad-santo-tomas\/'>2019 &#8211; 2020<\/a><\/h3><\/div><div class='post_content post_post_content posts_grid_post_content clearfix'><p>Levantamiento y ejecuci\u00f3n de proyectos para empresas, para organizaciones productivas y emprendedores ligados a \u00e9ste Agente Operador intermediario de C\u00f3mite Fomento Los R\u00edos.<\/p>\n<\/div><div class='post_bottom_wrapper'><div class='post_meta post_info post_post_meta posts_grid_post_meta'><div class='info'>by <span class='post_author'><a href=\"https:\/\/cimasoluciones.cl\/index.php\/author\/tkukp2txfe\/\" title=\"Entradas de CIMA\" rel=\"author\">CIMA<\/a><\/span><\/div><div class='like new_style'><span class=\"sl-wrapper\"><a href=\"https:\/\/cimasoluciones.cl\/wp-admin\/admin-ajax.php?action=cws_vc_shortcode_process_simple_like&post_id=4360&nonce=ae5b649e5e&is_comment=0&disabled=true\" class=\"sl-button sl-button-4360\" data-nonce=\"ae5b649e5e\" data-post-id=\"4360\" data-iscomment=\"0\" title=\"Like\"><span class=\"sl-icon liked\"><\/span><span class=\"sl-count\">181 likes<\/span><\/a><span class=\"sl-loader\"><\/span><\/span><\/div><\/div><\/div><\/div><\/div><\/article><article id='post_post_69f50b46caf33' class=\"item post post_post posts_grid_post  no_tax post-1797 type-post status-publish format-standard has-post-thumbnail hentry category-experiencia\"><div class='post_wrapper post_post_wrapper posts_grid_post_wrapper clearfix'><div class='post_media post_post_media posts_grid_post_media'><div class='meta_date'><div class='date-content'> <span class='date-c'>Noviembre<\/span> <span class='date-c'>1,<\/span> <span class='date-c'>2015<\/span> <\/div><\/div><div class='pic'><img src='https:\/\/cimasoluciones.cl\/wp-content\/uploads\/2017\/12\/SER_049203260_15839.png' data-no-retina alt \/><div class='hover-effect'><\/div><a class='fancy post_media_link post_post_media_link posts_grid_post_media_link' href='https:\/\/cimasoluciones.cl\/wp-content\/uploads\/2017\/12\/SER.png'><\/a><\/div><\/div><div class='post_post_info posts_grid_post_info'><div><h3 class='post_title post_post_title posts_grid_post_title'><a href='https:\/\/cimasoluciones.cl\/index.php\/2015\/11\/01\/quote-post\/'>2014 \/ 2020<\/a><\/h3><\/div><div class='post_content post_post_content posts_grid_post_content clearfix'><p>Capacitaci\u00f3n y desarrollo de plan estrat\u00e9gico &#8211; Sercotec Los R\u00edos Asociaci\u00f3n de Chacareros de Rio Bueno Sindicato de Comerciantes y Ferias libres de Valdivia Comit\u00e9 de Feriantes el Huerto de Lanco<\/p>\n<\/div><div class='post_bottom_wrapper'><div class='post_button clearfix btn-read-more'><a href='https:\/\/cimasoluciones.cl\/index.php\/2015\/11\/01\/quote-post\/' class='more-link'>\/ READ MORE<\/a><\/div><div class='post_meta post_info post_post_meta posts_grid_post_meta'><div class='info'>by <span class='post_author'><a href=\"https:\/\/cimasoluciones.cl\/index.php\/author\/tkukp2txfe\/\" title=\"Entradas de CIMA\" rel=\"author\">CIMA<\/a><\/span><\/div><div class='like new_style'><span class=\"sl-wrapper\"><a href=\"https:\/\/cimasoluciones.cl\/wp-admin\/admin-ajax.php?action=cws_vc_shortcode_process_simple_like&post_id=1797&nonce=ae5b649e5e&is_comment=0&disabled=true\" class=\"sl-button sl-button-1797\" data-nonce=\"ae5b649e5e\" data-post-id=\"1797\" data-iscomment=\"0\" title=\"Like\"><span class=\"sl-icon liked\"><\/span><span class=\"sl-count\">177 likes<\/span><\/a><span class=\"sl-loader\"><\/span><\/span><\/div><\/div><\/div><\/div><\/div><\/article><article id='post_post_69f50b46cb4c9' class=\"item post post_post posts_grid_post  no_tax post-15842 type-post status-publish format-standard has-post-thumbnail hentry category-experiencia\"><div class='post_wrapper post_post_wrapper posts_grid_post_wrapper clearfix'><div class='post_media post_post_media posts_grid_post_media'><div class='meta_date'><div class='date-content'> <span class='date-c'>Noviembre<\/span> <span class='date-c'>18,<\/span> <span class='date-c'>2014<\/span> <\/div><\/div><div class='pic'><img src='https:\/\/cimasoluciones.cl\/wp-content\/uploads\/2017\/12\/corfo_036600fe0_1170_049203260_15823.png' data-no-retina alt \/><div class='hover-effect'><\/div><a class='fancy post_media_link post_post_media_link posts_grid_post_media_link' href='https:\/\/cimasoluciones.cl\/wp-content\/uploads\/2017\/12\/corfo_036600fe0_1170.png'><\/a><\/div><\/div><div class='post_post_info posts_grid_post_info'><div><h3 class='post_title post_post_title posts_grid_post_title'><a href='https:\/\/cimasoluciones.cl\/index.php\/2014\/11\/18\/corfo-los-rios\/'>2014\/ 2020<\/a><\/h3><\/div><div class='post_content post_post_content posts_grid_post_content clearfix'><p>Dise\u00f1o e implementaci\u00f3n de proyecto de plataforma de marketing digital para instrumento Voucher de Innovacion. CORFO NIVEL CENTRAL<\/p>\n<\/div><div class='post_bottom_wrapper'><div class='post_button clearfix btn-read-more'><a href='https:\/\/cimasoluciones.cl\/index.php\/2014\/11\/18\/corfo-los-rios\/' class='more-link'>\/ READ MORE<\/a><\/div><div class='post_meta post_info post_post_meta posts_grid_post_meta'><div class='info'>by <span class='post_author'><a href=\"https:\/\/cimasoluciones.cl\/index.php\/author\/tkukp2txfe\/\" title=\"Entradas de CIMA\" rel=\"author\">CIMA<\/a><\/span><\/div><div class='like new_style'><span class=\"sl-wrapper\"><a href=\"https:\/\/cimasoluciones.cl\/wp-admin\/admin-ajax.php?action=cws_vc_shortcode_process_simple_like&post_id=15842&nonce=ae5b649e5e&is_comment=0&disabled=true\" class=\"sl-button sl-button-15842\" data-nonce=\"ae5b649e5e\" data-post-id=\"15842\" data-iscomment=\"0\" title=\"Like\"><span class=\"sl-icon liked\"><\/span><span class=\"sl-count\">149 likes<\/span><\/a><span class=\"sl-loader\"><\/span><\/span><\/div><\/div><\/div><\/div><\/div><\/article><\/div><\/div><\/section>[\/vc_column][\/vc_row]\n","protected":false},"excerpt":{"rendered":"Dise\u00f1o e implementaci\u00f3n de proyecto de plataforma de marketing digital para instrumento Voucher de Innovacion. CORFO NIVEL CENTRAL","protected":false},"author":1,"featured_media":0,"parent":0,"menu_order":0,"comment_status":"closed","ping_status":"closed","template":"","meta":{"ngg_post_thumbnail":0,"footnotes":""},"class_list":["post-7697","page","type-page","status-publish","hentry"],"_links":{"self":[{"href":"https:\/\/cimasoluciones.cl\/index.php\/wp-json\/wp\/v2\/pages\/7697","targetHints":{"allow":["GET"]}}],"collection":[{"href":"https:\/\/cimasoluciones.cl\/index.php\/wp-json\/wp\/v2\/pages"}],"about":[{"href":"https:\/\/cimasoluciones.cl\/index.php\/wp-json\/wp\/v2\/types\/page"}],"author":[{"embeddable":true,"href":"https:\/\/cimasoluciones.cl\/index.php\/wp-json\/wp\/v2\/users\/1"}],"replies":[{"embeddable":true,"href":"https:\/\/cimasoluciones.cl\/index.php\/wp-json\/wp\/v2\/comments?post=7697"}],"version-history":[{"count":0,"href":"https:\/\/cimasoluciones.cl\/index.php\/wp-json\/wp\/v2\/pages\/7697\/revisions"}],"wp:attachment":[{"href":"https:\/\/cimasoluciones.cl\/index.php\/wp-json\/wp\/v2\/media?parent=7697"}],"curies":[{"name":"wp","href":"https:\/\/api.w.org\/{rel}","templated":true}]}}