{"id":7638,"date":"2017-12-01T05:34:27","date_gmt":"2017-12-01T05:34:27","guid":{"rendered":"https:\/\/cimasoluciones.cl\/index.php\/checkerboard\/"},"modified":"2017-12-01T05:34:27","modified_gmt":"2017-12-01T05:34:27","slug":"checkerboard","status":"publish","type":"page","link":"https:\/\/cimasoluciones.cl\/index.php\/checkerboard\/","title":{"rendered":"Checkerboard"},"content":{"rendered":"[vc_row][vc_column]<section id='posts_grid_69f40975c30fd' class='content_center no_spacings news hovernone blog_post posts_grid post_posts_grid posts_grid_checkerboard posts_grid_grid'><div class='cws_vc_shortcode_wrapper'><div class='cws_vc_shortcode_grid grid layout-checkerboard'><article id='post_post_69f40975c3c1f' class=\"item post post_post posts_grid_post  no_tax post-16306 type-post status-publish format-standard has-post-thumbnail hentry category-experiencia\"><div class='post_wrapper post_post_wrapper posts_grid_post_wrapper clearfix'>\t\t\t\t<div class=\"floated_media post_floated_media posts_grid_floated_media_wrapper\">\n\t\t\t\t\t<div class=\"floated_media_wrapper post_floated_media_wrapper posts_grid_floated_media_wrapper \"><div class='post_media post_post_media posts_grid_post_media'><div class='meta_date'><div class='date-content'> <span class='date-c'>Agosto<\/span> <span class='date-c'>28,<\/span> <span class='date-c'>2023<\/span> <\/div><\/div><div class='pic'><img src='https:\/\/cimasoluciones.cl\/wp-content\/uploads\/2023\/08\/conadi_0249017b0_16308.png' data-no-retina alt \/><div class='hover-effect'><\/div><\/div><\/div>\t\t\t\t\t<\/div>\n\t\t\t\t<\/div>\n\t\t\t<div class='post_post_info posts_grid_post_info'><div><h3 class='post_title post_post_title posts_grid_post_title'><a href='https:\/\/cimasoluciones.cl\/index.php\/2023\/08\/28\/2020-2021\/'>2020-2021<\/a><\/h3><\/div><div class='post_content post_post_content posts_grid_post_content clearfix'><\/div><div class='post_bottom_wrapper'><div class='post_meta post_info post_post_meta posts_grid_post_meta'><div class='info'>by <span class='post_author'><a href=\"https:\/\/cimasoluciones.cl\/index.php\/author\/tkukp2txfe\/\" title=\"Entradas de CIMA\" rel=\"author\">CIMA<\/a><\/span><\/div><div class='like new_style'><span class=\"sl-wrapper\"><a href=\"https:\/\/cimasoluciones.cl\/wp-admin\/admin-ajax.php?action=cws_vc_shortcode_process_simple_like&post_id=16306&nonce=f4322476bc&is_comment=0&disabled=true\" class=\"sl-button sl-button-16306\" data-nonce=\"f4322476bc\" data-post-id=\"16306\" data-iscomment=\"0\" title=\"Like\"><span class=\"sl-icon liked\"><\/span><span class=\"sl-count\">165 likes<\/span><\/a><span class=\"sl-loader\"><\/span><\/span><\/div><\/div><\/div><\/div><\/div><\/article><article id='post_post_69f40975c4743' class=\"item post post_post posts_grid_post  no_tax post-1789 type-post status-publish format-standard has-post-thumbnail hentry category-experiencia\"><div class='post_wrapper post_post_wrapper posts_grid_post_wrapper clearfix'>\t\t\t\t<div class=\"floated_media post_floated_media posts_grid_floated_media_wrapper\">\n\t\t\t\t\t<div class=\"floated_media_wrapper post_floated_media_wrapper posts_grid_floated_media_wrapper \"><div class='post_media post_post_media posts_grid_post_media'><div class='meta_date'><div class='date-content'> <span class='date-c'>Octubre<\/span> <span class='date-c'>19,<\/span> <span class='date-c'>2020<\/span> <\/div><\/div><div class='pic'><img src='https:\/\/cimasoluciones.cl\/wp-content\/uploads\/2019\/09\/indap_024901930_15824.png' data-no-retina alt \/><div class='hover-effect'><\/div><\/div><\/div>\t\t\t\t\t<\/div>\n\t\t\t\t<\/div>\n\t\t\t<div class='post_post_info posts_grid_post_info'><div><h3 class='post_title post_post_title posts_grid_post_title'><a href='https:\/\/cimasoluciones.cl\/index.php\/2020\/10\/19\/indap-2\/'>2019 &#8211; 2020<\/a><\/h3><\/div><div class='post_content post_post_content posts_grid_post_content clearfix'><p>Programa de Asociatividad Econ\u00f3mica para la unidad operativa regional, Regi\u00f3n de Los R\u00edos Cooperativa Agr\u00edcola, Tur\u00edstica y Cultural Man Pewma Ltda (Sector Pucura . Panguipulli) Cooperativa Agrotur\u00edst<\/p>\n<\/div><div class='post_bottom_wrapper'><div class='post_button clearfix btn-read-more'><a href='https:\/\/cimasoluciones.cl\/index.php\/2020\/10\/19\/indap-2\/' class='more-link'>\/ READ MORE<\/a><\/div><div class='post_meta post_info post_post_meta posts_grid_post_meta'><div class='info'>by <span class='post_author'><a href=\"https:\/\/cimasoluciones.cl\/index.php\/author\/tkukp2txfe\/\" title=\"Entradas de CIMA\" rel=\"author\">CIMA<\/a><\/span><\/div><div class='like new_style'><span class=\"sl-wrapper\"><a href=\"https:\/\/cimasoluciones.cl\/wp-admin\/admin-ajax.php?action=cws_vc_shortcode_process_simple_like&post_id=1789&nonce=f4322476bc&is_comment=0&disabled=true\" class=\"sl-button sl-button-1789\" data-nonce=\"f4322476bc\" data-post-id=\"1789\" data-iscomment=\"0\" title=\"Like\"><span class=\"sl-icon liked\"><\/span><span class=\"sl-count\">226 likes<\/span><\/a><span class=\"sl-loader\"><\/span><\/span><\/div><\/div><\/div><\/div><\/div><\/article><article id='post_post_69f40975c4d36' class=\"item post post_post posts_grid_post  no_tax post-15880 type-post status-publish format-standard has-post-thumbnail hentry category-experiencia\"><div class='post_wrapper post_post_wrapper posts_grid_post_wrapper clearfix'>\t\t\t\t<div class=\"floated_media post_floated_media posts_grid_floated_media_wrapper\">\n\t\t\t\t\t<div class=\"floated_media_wrapper post_floated_media_wrapper posts_grid_floated_media_wrapper \"><div class='post_media post_post_media posts_grid_post_media'><div class='meta_date'><div class='date-content'> <span class='date-c'>Mayo<\/span> <span class='date-c'>26,<\/span> <span class='date-c'>2020<\/span> <\/div><\/div><div class='pic'><img src='https:\/\/cimasoluciones.cl\/wp-content\/uploads\/2020\/10\/FUDEA_024901930_15875.png' data-no-retina alt \/><div class='hover-effect'><\/div><a class='fancy post_media_link post_post_media_link posts_grid_post_media_link' href='https:\/\/cimasoluciones.cl\/wp-content\/uploads\/2020\/10\/FUDEA.png'><\/a><\/div><\/div>\t\t\t\t\t<\/div>\n\t\t\t\t<\/div>\n\t\t\t<div class='post_post_info posts_grid_post_info'><div><h3 class='post_title post_post_title posts_grid_post_title'><a href='https:\/\/cimasoluciones.cl\/index.php\/2020\/05\/26\/aoi-fedeaufro-los-rios-3\/'>2019 &#8211; 2020<\/a><\/h3><\/div><div class='post_content post_post_content posts_grid_post_content clearfix'><p>Levantamiento y ejecuci\u00f3n de proyecto Creaci\u00f3n y desarrollo, Cooperativa Agrupaci\u00f3n de artesanos Kuim Mamull Che- Panguipulli<\/p>\n<\/div><div class='post_bottom_wrapper'><div class='post_button clearfix btn-read-more'><a href='https:\/\/cimasoluciones.cl\/index.php\/2020\/05\/26\/aoi-fedeaufro-los-rios-3\/' class='more-link'>\/ READ MORE<\/a><\/div><div class='post_meta post_info post_post_meta posts_grid_post_meta'><div class='info'>by <span class='post_author'><a href=\"https:\/\/cimasoluciones.cl\/index.php\/author\/tkukp2txfe\/\" title=\"Entradas de CIMA\" rel=\"author\">CIMA<\/a><\/span><\/div><div class='like new_style'><span class=\"sl-wrapper\"><a href=\"https:\/\/cimasoluciones.cl\/wp-admin\/admin-ajax.php?action=cws_vc_shortcode_process_simple_like&post_id=15880&nonce=f4322476bc&is_comment=0&disabled=true\" class=\"sl-button sl-button-15880\" data-nonce=\"f4322476bc\" data-post-id=\"15880\" data-iscomment=\"0\" title=\"Like\"><span class=\"sl-icon liked\"><\/span><span class=\"sl-count\">221 likes<\/span><\/a><span class=\"sl-loader\"><\/span><\/span><\/div><\/div><\/div><\/div><\/div><\/article><article id='post_post_69f40975c51d9' class=\"item post post_post posts_grid_post  no_tax post-4363 type-post status-publish format-standard has-post-thumbnail hentry category-experiencia\"><div class='post_wrapper post_post_wrapper posts_grid_post_wrapper clearfix'>\t\t\t\t<div class=\"floated_media post_floated_media posts_grid_floated_media_wrapper\">\n\t\t\t\t\t<div class=\"floated_media_wrapper post_floated_media_wrapper posts_grid_floated_media_wrapper \"><div class='post_media post_post_media posts_grid_post_media'><div class='meta_date'><div class='date-content'> <span class='date-c'>Septiembre<\/span> <span class='date-c'>19,<\/span> <span class='date-c'>2019<\/span> <\/div><\/div><div class='pic'><img src='https:\/\/cimasoluciones.cl\/wp-content\/uploads\/2017\/12\/FOMENTO_024901930_15840.png' data-no-retina alt \/><div class='hover-effect'><\/div><a class='fancy post_media_link post_post_media_link posts_grid_post_media_link' href='https:\/\/cimasoluciones.cl\/wp-content\/uploads\/2017\/12\/FOMENTO.png'><\/a><\/div><\/div>\t\t\t\t\t<\/div>\n\t\t\t\t<\/div>\n\t\t\t<div class='post_post_info posts_grid_post_info'><div><h3 class='post_title post_post_title posts_grid_post_title'><a href='https:\/\/cimasoluciones.cl\/index.php\/2019\/09\/19\/fomento\/'>2017 \/ 2020<\/a><\/h3><\/div><div class='post_content post_post_content posts_grid_post_content clearfix'><p>Ejecuci\u00f3n etapa diagnostico \u2013 Programa Red Asociativa \u2013 Empresas cerveceras de la regi\u00f3n; Estudio de mercado y plan de negocios asociativo,, entre otros estudios para empresas del sector cerveza artes<\/p>\n<\/div><div class='post_bottom_wrapper'><div class='post_button clearfix btn-read-more'><a href='https:\/\/cimasoluciones.cl\/index.php\/2019\/09\/19\/fomento\/' class='more-link'>\/ READ MORE<\/a><\/div><div class='post_meta post_info post_post_meta posts_grid_post_meta'><div class='info'>by <span class='post_author'><a href=\"https:\/\/cimasoluciones.cl\/index.php\/author\/tkukp2txfe\/\" title=\"Entradas de CIMA\" rel=\"author\">CIMA<\/a><\/span><\/div><div class='like new_style'><span class=\"sl-wrapper\"><a href=\"https:\/\/cimasoluciones.cl\/wp-admin\/admin-ajax.php?action=cws_vc_shortcode_process_simple_like&post_id=4363&nonce=f4322476bc&is_comment=0&disabled=true\" class=\"sl-button sl-button-4363\" data-nonce=\"f4322476bc\" data-post-id=\"4363\" data-iscomment=\"0\" title=\"Like\"><span class=\"sl-icon liked\"><\/span><span class=\"sl-count\">225 likes<\/span><\/a><span class=\"sl-loader\"><\/span><\/span><\/div><\/div><\/div><\/div><\/div><\/article><article id='post_post_69f40975c5672' class=\"item post post_post posts_grid_post  no_tax post-15889 type-post status-publish format-standard has-post-thumbnail hentry category-experiencia\"><div class='post_wrapper post_post_wrapper posts_grid_post_wrapper clearfix'>\t\t\t\t<div class=\"floated_media post_floated_media posts_grid_floated_media_wrapper\">\n\t\t\t\t\t<div class=\"floated_media_wrapper post_floated_media_wrapper posts_grid_floated_media_wrapper \"><div class='post_media post_post_media posts_grid_post_media'><div class='meta_date'><div class='date-content'> <span class='date-c'>Septiembre<\/span> <span class='date-c'>10,<\/span> <span class='date-c'>2019<\/span> <\/div><\/div><div class='pic'><img src='https:\/\/cimasoluciones.cl\/wp-content\/uploads\/2015\/06\/SENAMA_024901930_15836.png' data-no-retina alt \/><div class='hover-effect'><\/div><a class='fancy post_media_link post_post_media_link posts_grid_post_media_link' href='https:\/\/cimasoluciones.cl\/wp-content\/uploads\/2015\/06\/SENAMA.png'><\/a><\/div><\/div>\t\t\t\t\t<\/div>\n\t\t\t\t<\/div>\n\t\t\t<div class='post_post_info posts_grid_post_info'><div><h3 class='post_title post_post_title posts_grid_post_title'><a href='https:\/\/cimasoluciones.cl\/index.php\/2019\/09\/10\/taller-de-computacion\/'>2019<\/a><\/h3><\/div><div class='post_content post_post_content posts_grid_post_content clearfix'><p>Relator\u00eda de talleres de &#8220;Computaci\u00f3n&#8221;, para adultos mayores, Regi\u00f3n de Los R\u00edos.<\/p>\n<\/div><div class='post_bottom_wrapper'><div class='post_button clearfix btn-read-more'><a href='https:\/\/cimasoluciones.cl\/index.php\/2019\/09\/10\/taller-de-computacion\/' class='more-link'>\/ READ MORE<\/a><\/div><div class='post_meta post_info post_post_meta posts_grid_post_meta'><div class='info'>by <span class='post_author'><a href=\"https:\/\/cimasoluciones.cl\/index.php\/author\/tkukp2txfe\/\" title=\"Entradas de CIMA\" rel=\"author\">CIMA<\/a><\/span><\/div><div class='like new_style'><span class=\"sl-wrapper\"><a href=\"https:\/\/cimasoluciones.cl\/wp-admin\/admin-ajax.php?action=cws_vc_shortcode_process_simple_like&post_id=15889&nonce=f4322476bc&is_comment=0&disabled=true\" class=\"sl-button sl-button-15889\" data-nonce=\"f4322476bc\" data-post-id=\"15889\" data-iscomment=\"0\" title=\"Like\"><span class=\"sl-icon liked\"><\/span><span class=\"sl-count\">209 likes<\/span><\/a><span class=\"sl-loader\"><\/span><\/span><\/div><\/div><\/div><\/div><\/div><\/article><article id='post_post_69f40975c5b31' class=\"item post post_post posts_grid_post  no_tax post-4360 type-post status-publish format-standard has-post-thumbnail hentry category-experiencia\"><div class='post_wrapper post_post_wrapper posts_grid_post_wrapper clearfix'>\t\t\t\t<div class=\"floated_media post_floated_media posts_grid_floated_media_wrapper\">\n\t\t\t\t\t<div class=\"floated_media_wrapper post_floated_media_wrapper posts_grid_floated_media_wrapper \"><div class='post_media post_post_media posts_grid_post_media'><div class='meta_date'><div class='date-content'> <span class='date-c'>Diciembre<\/span> <span class='date-c'>13,<\/span> <span class='date-c'>2017<\/span> <\/div><\/div><div class='pic'><img src='https:\/\/cimasoluciones.cl\/wp-content\/uploads\/2017\/12\/SANTO-1_024901930_15838.png' data-no-retina alt \/><div class='hover-effect'><\/div><a class='fancy post_media_link post_post_media_link posts_grid_post_media_link' href='https:\/\/cimasoluciones.cl\/wp-content\/uploads\/2017\/12\/SANTO-1.png'><\/a><\/div><\/div>\t\t\t\t\t<\/div>\n\t\t\t\t<\/div>\n\t\t\t<div class='post_post_info posts_grid_post_info'><div><h3 class='post_title post_post_title posts_grid_post_title'><a href='https:\/\/cimasoluciones.cl\/index.php\/2017\/12\/13\/universidad-santo-tomas\/'>2019 &#8211; 2020<\/a><\/h3><\/div><div class='post_content post_post_content posts_grid_post_content clearfix'><p>Levantamiento y ejecuci\u00f3n de proyectos para empresas, para organizaciones productivas y emprendedores ligados a \u00e9ste Agente Operador intermediario de C\u00f3mite Fomento Los R\u00edos.<\/p>\n<\/div><div class='post_bottom_wrapper'><div class='post_meta post_info post_post_meta posts_grid_post_meta'><div class='info'>by <span class='post_author'><a href=\"https:\/\/cimasoluciones.cl\/index.php\/author\/tkukp2txfe\/\" title=\"Entradas de CIMA\" rel=\"author\">CIMA<\/a><\/span><\/div><div class='like new_style'><span class=\"sl-wrapper\"><a href=\"https:\/\/cimasoluciones.cl\/wp-admin\/admin-ajax.php?action=cws_vc_shortcode_process_simple_like&post_id=4360&nonce=f4322476bc&is_comment=0&disabled=true\" class=\"sl-button sl-button-4360\" data-nonce=\"f4322476bc\" data-post-id=\"4360\" data-iscomment=\"0\" title=\"Like\"><span class=\"sl-icon liked\"><\/span><span class=\"sl-count\">181 likes<\/span><\/a><span class=\"sl-loader\"><\/span><\/span><\/div><\/div><\/div><\/div><\/div><\/article><article id='post_post_69f40975c5f99' class=\"item post post_post posts_grid_post  no_tax post-1797 type-post status-publish format-standard has-post-thumbnail hentry category-experiencia\"><div class='post_wrapper post_post_wrapper posts_grid_post_wrapper clearfix'>\t\t\t\t<div class=\"floated_media post_floated_media posts_grid_floated_media_wrapper\">\n\t\t\t\t\t<div class=\"floated_media_wrapper post_floated_media_wrapper posts_grid_floated_media_wrapper \"><div class='post_media post_post_media posts_grid_post_media'><div class='meta_date'><div class='date-content'> <span class='date-c'>Noviembre<\/span> <span class='date-c'>1,<\/span> <span class='date-c'>2015<\/span> <\/div><\/div><div class='pic'><img src='https:\/\/cimasoluciones.cl\/wp-content\/uploads\/2017\/12\/SER_024901930_15839.png' data-no-retina alt \/><div class='hover-effect'><\/div><a class='fancy post_media_link post_post_media_link posts_grid_post_media_link' href='https:\/\/cimasoluciones.cl\/wp-content\/uploads\/2017\/12\/SER.png'><\/a><\/div><\/div>\t\t\t\t\t<\/div>\n\t\t\t\t<\/div>\n\t\t\t<div class='post_post_info posts_grid_post_info'><div><h3 class='post_title post_post_title posts_grid_post_title'><a href='https:\/\/cimasoluciones.cl\/index.php\/2015\/11\/01\/quote-post\/'>2014 \/ 2020<\/a><\/h3><\/div><div class='post_content post_post_content posts_grid_post_content clearfix'><p>Capacitaci\u00f3n y desarrollo de plan estrat\u00e9gico &#8211; Sercotec Los R\u00edos Asociaci\u00f3n de Chacareros de Rio Bueno Sindicato de Comerciantes y Ferias libres de Valdivia Comit\u00e9 de Feriantes el Huerto de Lanco<\/p>\n<\/div><div class='post_bottom_wrapper'><div class='post_button clearfix btn-read-more'><a href='https:\/\/cimasoluciones.cl\/index.php\/2015\/11\/01\/quote-post\/' class='more-link'>\/ READ MORE<\/a><\/div><div class='post_meta post_info post_post_meta posts_grid_post_meta'><div class='info'>by <span class='post_author'><a href=\"https:\/\/cimasoluciones.cl\/index.php\/author\/tkukp2txfe\/\" title=\"Entradas de CIMA\" rel=\"author\">CIMA<\/a><\/span><\/div><div class='like new_style'><span class=\"sl-wrapper\"><a href=\"https:\/\/cimasoluciones.cl\/wp-admin\/admin-ajax.php?action=cws_vc_shortcode_process_simple_like&post_id=1797&nonce=f4322476bc&is_comment=0&disabled=true\" class=\"sl-button sl-button-1797\" data-nonce=\"f4322476bc\" data-post-id=\"1797\" data-iscomment=\"0\" title=\"Like\"><span class=\"sl-icon liked\"><\/span><span class=\"sl-count\">177 likes<\/span><\/a><span class=\"sl-loader\"><\/span><\/span><\/div><\/div><\/div><\/div><\/div><\/article><\/div><div  class='cws_loader_holder'><div  class='cws_loader'>\t\t\t\t<svg width='104px' height='104px' xmlns=\"http:\/\/www.w3.org\/2000\/svg\" viewBox=\"0 0 100 100\" preserveAspectRatio=\"xMidYMid\" class=\"uil-default\"><rect x=\"0\" y=\"0\" width=\"100\" height=\"100\" fill=\"none\" class=\"bk\"><\/rect><rect  x='46.5' y='40' width='7' height='20' rx='5' ry='5' fill='#000000' transform='rotate(0 50 50) translate(0 -30)'>  <animate attributeName='opacity' from='1' to='0' dur='1s' begin='0s' repeatCount='indefinite'\/><\/rect><rect  x='46.5' y='40' width='7' height='20' rx='5' ry='5' fill='#000000' transform='rotate(30 50 50) translate(0 -30)'>  <animate attributeName='opacity' from='1' to='0' dur='1s' begin='0.08333333333333333s' repeatCount='indefinite'\/><\/rect><rect  x='46.5' y='40' width='7' height='20' rx='5' ry='5' fill='#000000' transform='rotate(60 50 50) translate(0 -30)'>  <animate attributeName='opacity' from='1' to='0' dur='1s' begin='0.16666666666666666s' repeatCount='indefinite'\/><\/rect><rect  x='46.5' y='40' width='7' height='20' rx='5' ry='5' fill='#000000' transform='rotate(90 50 50) translate(0 -30)'>  <animate attributeName='opacity' from='1' to='0' dur='1s' begin='0.25s' repeatCount='indefinite'\/><\/rect><rect  x='46.5' y='40' width='7' height='20' rx='5' ry='5' fill='#000000' transform='rotate(120 50 50) translate(0 -30)'>  <animate attributeName='opacity' from='1' to='0' dur='1s' begin='0.3333333333333333s' repeatCount='indefinite'\/><\/rect><rect  x='46.5' y='40' width='7' height='20' rx='5' ry='5' fill='#000000' transform='rotate(150 50 50) translate(0 -30)'>  <animate attributeName='opacity' from='1' to='0' dur='1s' begin='0.4166666666666667s' repeatCount='indefinite'\/><\/rect><rect  x='46.5' y='40' width='7' height='20' rx='5' ry='5' fill='#000000' transform='rotate(180 50 50) translate(0 -30)'>  <animate attributeName='opacity' from='1' to='0' dur='1s' begin='0.5s' repeatCount='indefinite'\/><\/rect><rect  x='46.5' y='40' width='7' height='20' rx='5' ry='5' fill='#000000' transform='rotate(210 50 50) translate(0 -30)'>  <animate attributeName='opacity' from='1' to='0' dur='1s' begin='0.5833333333333334s' repeatCount='indefinite'\/><\/rect><rect  x='46.5' y='40' width='7' height='20' rx='5' ry='5' fill='#000000' transform='rotate(240 50 50) translate(0 -30)'>  <animate attributeName='opacity' from='1' to='0' dur='1s' begin='0.6666666666666666s' repeatCount='indefinite'\/><\/rect><rect  x='46.5' y='40' width='7' height='20' rx='5' ry='5' fill='#000000' transform='rotate(270 50 50) translate(0 -30)'>  <animate attributeName='opacity' from='1' to='0' dur='1s' begin='0.75s' repeatCount='indefinite'\/><\/rect><rect  x='46.5' y='40' width='7' height='20' rx='5' ry='5' fill='#000000' transform='rotate(300 50 50) translate(0 -30)'>  <animate attributeName='opacity' from='1' to='0' dur='1s' begin='0.8333333333333334s' repeatCount='indefinite'\/><\/rect><rect  x='46.5' y='40' width='7' height='20' rx='5' ry='5' fill='#000000' transform='rotate(330 50 50) translate(0 -30)'>  <animate attributeName='opacity' from='1' to='0' dur='1s' begin='0.9166666666666666s' repeatCount='indefinite'\/><\/rect><\/svg>\n\t\t\t\t<\/div><\/div><\/div><div class=\"pagination \">\t\t\t<div class='page_links'>\n\t\t\t<span aria-current=\"page\" class=\"page-numbers current\">1<\/span>\n<a class=\"page-numbers\" href=\"https:\/\/cimasoluciones.cl\/index.php\/wp-json\/wp\/v2\/pages\/7638\/page\/2\/\">2<\/a>\n<a class=\"next page-numbers\" href=\"https:\/\/cimasoluciones.cl\/index.php\/wp-json\/wp\/v2\/pages\/7638\/page\/2\/\"><i class='fa fa-angle-right'><\/i><\/a>\t\t\t<\/div>\n\t\t<\/div>\n\t\t<form id='posts_grid_69f40975c30fd_data' class='ajax_data_form cws_blog_ajax_data_form posts_grid_ajax_data_form'><input type='hidden' id='posts_grid_69f40975c30fd_ajax_data' class='ajax_data cws_blog_ajax_data posts_grid_ajax_data' name='posts_grid_69f40975c30fd_ajax_data' value='{\"section_id\":\"posts_grid_69f40975c30fd\",\"post_type\":\"post\",\"post_hide_meta\":[\"cats\",\"tags\"],\"layout\":\"checkerboard\",\"sb_layout\":\"_sidebar\",\"total_items_count\":9223372036854775807,\"hover_effects\":\" hovernone\",\"date_container\":\"inside\",\"items_pp\":7,\"page\":1,\"max_paged\":2,\"tax\":\"\",\"terms\":[],\"current_filter_val\":\"_all_\",\"addl_query_args\":[],\"full_width\":\"\",\"pagination_grid\":\"\",\"related_items\":\"\",\"link_show\":\"popup_link\",\"chars_count\":\"200\"}' \/><\/form><\/section>[\/vc_column][\/vc_row]\n","protected":false},"excerpt":{"rendered":"Capacitaci\u00f3n y desarrollo de plan estrat\u00e9gico - Sercotec Los R\u00edos Asociaci\u00f3n de Chacareros de Rio Bueno Sindicato de Comerciantes y Ferias libres de Valdivia Comit\u00e9 de Feriantes el Huerto de Lanco","protected":false},"author":1,"featured_media":0,"parent":0,"menu_order":0,"comment_status":"closed","ping_status":"closed","template":"","meta":{"ngg_post_thumbnail":0,"footnotes":""},"class_list":["post-7638","page","type-page","status-publish","hentry"],"_links":{"self":[{"href":"https:\/\/cimasoluciones.cl\/index.php\/wp-json\/wp\/v2\/pages\/7638","targetHints":{"allow":["GET"]}}],"collection":[{"href":"https:\/\/cimasoluciones.cl\/index.php\/wp-json\/wp\/v2\/pages"}],"about":[{"href":"https:\/\/cimasoluciones.cl\/index.php\/wp-json\/wp\/v2\/types\/page"}],"author":[{"embeddable":true,"href":"https:\/\/cimasoluciones.cl\/index.php\/wp-json\/wp\/v2\/users\/1"}],"replies":[{"embeddable":true,"href":"https:\/\/cimasoluciones.cl\/index.php\/wp-json\/wp\/v2\/comments?post=7638"}],"version-history":[{"count":0,"href":"https:\/\/cimasoluciones.cl\/index.php\/wp-json\/wp\/v2\/pages\/7638\/revisions"}],"wp:attachment":[{"href":"https:\/\/cimasoluciones.cl\/index.php\/wp-json\/wp\/v2\/media?parent=7638"}],"curies":[{"name":"wp","href":"https:\/\/api.w.org\/{rel}","templated":true}]}}