{"id":5497,"date":"2017-06-29T10:36:43","date_gmt":"2017-06-29T10:36:43","guid":{"rendered":"https:\/\/cimasoluciones.cl\/index.php\/services\/"},"modified":"2020-10-24T01:39:29","modified_gmt":"2020-10-24T01:39:29","slug":"servicios","status":"publish","type":"page","link":"https:\/\/cimasoluciones.cl\/index.php\/servicios\/","title":{"rendered":"Servicios"},"content":{"rendered":"[vc_row][vc_column][vc_column_text]\n<div class=\"ce_title\">\n<p style=\"text-align: center;\"><span style=\"color: #808080;\"><strong>\u00bfA QUE NOS DEDICAMOS?<\/strong><\/span><\/p>\n<\/div>\n[\/vc_column_text][\/vc_column][\/vc_row][vc_row css=&#8221;.vc_custom_1513322033714{padding-bottom: 70px !important;}&#8221;][vc_column width=&#8221;1\/4&#8243;]<div id='cws_service_item_69f1de21b1a10' class='cws_service_item cws_vc_shortcode_module a-center style_3 add_icon_hover add_icon_border'><a href='#' class='cws_service_item_wrapper clearfix'><span class='cws_searvice_icon_wrapper cws_searvice_side'><i class='cws_service_icon cws_vc_shortcode_icon_5x flaticon-increase-size-option'><\/i><\/span><div class='cws_service_info'><h3 class='cws_service_title standard_spacing'>FORMULACI\u00d3N DE PROYECTOS<\/h3><div class='cws_service_desc clearfix'><p style=\"text-align: center;\">Dise\u00f1o, formulaci\u00f3n y evaluaci\u00f3n de proyectos empresariales, para apalancamiento de recursos, b\u00fasqueda de financiamientos p\u00fablicos y privados, generaci\u00f3n de alianzas comerciales, proyectos sociales, innovadores, entre otros<\/p>\n<\/div><\/div><\/a><\/div><div id='cws_service_item_69f1de21b1bd8' class='cws_service_item cws_vc_shortcode_module a-center style_3 add_icon_hover add_icon_border'><a href='#' class='cws_service_item_wrapper clearfix'><span class='cws_searvice_icon_wrapper cws_searvice_side'><i class='cws_service_icon cws_vc_shortcode_icon_5x fas fa-pen-fancy'><\/i><\/span><div class='cws_service_info'><h3 class='cws_service_title standard_spacing'>DISE\u00d1O GR\u00c1FICO<\/h3><div class='cws_service_desc clearfix'><p style=\"text-align: center;\">Servicios de dise\u00f1o gr\u00e1fico, identidad de marca, im\u00e1genes corporativas, an\u00e1lisis visual, manual de marca, dise\u00f1o de papeler\u00eda, aplicaciones, etc.<\/p>\n<p>&nbsp;<\/p>\n<p>&nbsp;<\/p>\n<\/div><\/div><\/a><\/div><div id='cws_service_item_69f1de21b1d47' class='cws_service_item cws_vc_shortcode_module a-center style_3 add_icon_hover add_icon_border'><a href='#' class='cws_service_item_wrapper clearfix'><span class='cws_searvice_icon_wrapper cws_searvice_side'><i class='cws_service_icon cws_vc_shortcode_icon_5x fas fa-hand-holding-usd'><\/i><\/span><div class='cws_service_info'><h3 class='cws_service_title standard_spacing'>MODELO DE NEGOCIOS<\/h3><div class='cws_service_desc clearfix'><p style=\"text-align: center;\">Dise\u00f1o, ejecuci\u00f3n y evaluaci\u00f3n de modelos de negocios; aplicaci\u00f3n de metodolog\u00edas Canvas, Pitch Elevator, etc.<\/p>\n<p>&nbsp;<\/p>\n<\/div><\/div><\/a><\/div><div id='cws_service_item_69f1de21b1ea9' class='cws_service_item cws_vc_shortcode_module a-center style_3 add_icon_hover add_icon_border'><a href='#' class='cws_service_item_wrapper clearfix'><span class='cws_searvice_icon_wrapper cws_searvice_side'><i class='cws_service_icon cws_vc_shortcode_icon_5x fas fa-calculator'><\/i><\/span><div class='cws_service_info'><h3 class='cws_service_title standard_spacing'>ASESOR\u00cdA TRIBUTARIA y CONTABLE<\/h3><div class='cws_service_desc clearfix'><p style=\"text-align: center;\">Asesor\u00edas en gesti\u00f3n contable y tributaria para empresas y emprendedores, diagn\u00f3sticos contables, dise\u00f1o de sistemas de gesti\u00f3n.<\/p>\n<\/div><\/div><\/a><\/div><div id='cws_service_item_69f1de21b2002' class='cws_service_item cws_vc_shortcode_module a-center style_3 add_icon_hover add_icon_border'><a href='#' class='cws_service_item_wrapper clearfix'><span class='cws_searvice_icon_wrapper cws_searvice_side'><i class='cws_service_icon cws_vc_shortcode_icon_5x fab fa-facebook'><\/i><\/span><div class='cws_service_info'><h3 class='cws_service_title standard_spacing'>COMUNITY MANAGER<\/h3><div class='cws_service_desc clearfix'><p style=\"text-align: center;\">Servicios de administraci\u00f3n de redes sociales, posicionamiento de marca en medios digitales, SEO, SEM, medios digitales, mejoramiento de indicadores, uso de palabras clave en forma \u00f3ptima, etc.<\/p>\n<\/div><\/div><\/a><\/div>[\/vc_column][vc_column width=&#8221;1\/4&#8243;]<div id='cws_service_item_69f1de21b216d' class='cws_service_item cws_vc_shortcode_module a-center style_3 add_icon_hover add_icon_border'><a href='#' class='cws_service_item_wrapper clearfix'><span class='cws_searvice_icon_wrapper cws_searvice_side'><i class='cws_service_icon cws_vc_shortcode_icon_5x fas fa-check-double'><\/i><\/span><div class='cws_service_info'><h3 class='cws_service_title standard_spacing'>PLAN DE NEGOCIOS<\/h3><div class='cws_service_desc clearfix'><p style=\"text-align: center;\">Dise\u00f1o, ejecuci\u00f3n, seguimiento y control de planes de negocios, para ordenamiento de la empresa y gesti\u00f3n de recursos para financistas, servicios p\u00fablicos e instituciones privadas.<\/p>\n<p>&nbsp;<\/p>\n<p style=\"text-align: center;\">\n<\/div><\/div><\/a><\/div><div id='cws_service_item_69f1de21b22d3' class='cws_service_item cws_vc_shortcode_module a-center style_3 add_icon_hover add_icon_border'><a href='#' class='cws_service_item_wrapper clearfix'><span class='cws_searvice_icon_wrapper cws_searvice_side'><i class='cws_service_icon cws_vc_shortcode_icon_5x fas fa-globe'><\/i><\/span><div class='cws_service_info'><h3 class='cws_service_title standard_spacing'>DESARROLLO WEB<\/h3><div class='cws_service_desc clearfix'><p style=\"text-align: center;\">Dise\u00f1o y desarrollo de paginas web auto administrarles con tecnolog\u00eda responsive y ecommerce<\/p>\n<p>&nbsp;<\/p>\n<p>&nbsp;<\/p>\n<\/div><\/div><\/a><\/div><div id='cws_service_item_69f1de21b242b' class='cws_service_item cws_vc_shortcode_module a-center style_3 add_icon_hover add_icon_border'><a href='#' class='cws_service_item_wrapper clearfix'><span class='cws_searvice_icon_wrapper cws_searvice_side'><i class='cws_service_icon cws_vc_shortcode_icon_5x fas fa-chalkboard-teacher'><\/i><\/span><div class='cws_service_info'><h3 class='cws_service_title standard_spacing'>CAPACITACIONES<\/h3><div class='cws_service_desc clearfix'><p style=\"text-align: center;\">Dise\u00f1o de capacitaciones en temas de gesti\u00f3n empresarial y tecnol\u00f3gica, hechos a la medida del cliente<\/p>\n<p>&nbsp;<\/p>\n<\/div><\/div><\/a><\/div><div id='cws_service_item_69f1de21b2582' class='cws_service_item cws_vc_shortcode_module a-center style_3 add_icon_hover add_icon_border'><a href='#' class='cws_service_item_wrapper clearfix'><span class='cws_searvice_icon_wrapper cws_searvice_side'><i class='cws_service_icon cws_vc_shortcode_icon_5x far fa-registered'><\/i><\/span><div class='cws_service_info'><h3 class='cws_service_title standard_spacing'>DISE\u00d1O Y REGISTRO DE MARCA<\/h3><div class='cws_service_desc clearfix'><p style=\"text-align: center;\">Asesor\u00edas para el dise\u00f1o y registro de marca empresarial, seg\u00fan est\u00e1ndares de mercado y normativas legales vigentes.<\/p>\n<p>&nbsp;<\/p>\n<\/div><\/div><\/a><\/div><div id='cws_service_item_69f1de21b26d6' class='cws_service_item cws_vc_shortcode_module a-center style_3 add_icon_hover add_icon_border'><a href='#' class='cws_service_item_wrapper clearfix'><span class='cws_searvice_icon_wrapper cws_searvice_side'><i class='cws_service_icon cws_vc_shortcode_icon_5x fas fa-camera'><\/i><\/span><div class='cws_service_info'><h3 class='cws_service_title standard_spacing'>FOTOGRAF\u00cdA COMERCIAL<\/h3><div class='cws_service_desc clearfix'><p style=\"text-align: center;\">Servicios de fotograf\u00eda profesional, con fines comerciales, para el dise\u00f1o de campa\u00f1as comerciales y de marketing, para uso en herramientas web e impresas<\/p>\n<\/div><\/div><\/a><\/div>[\/vc_column][vc_column width=&#8221;1\/4&#8243;]<div id='cws_service_item_69f1de21b2834' class='cws_service_item cws_vc_shortcode_module a-center style_3 add_icon_hover add_icon_border'><a href='#' class='cws_service_item_wrapper clearfix'><span class='cws_searvice_icon_wrapper cws_searvice_side'><i class='cws_service_icon cws_vc_shortcode_icon_5x fas fa-tasks'><\/i><\/span><div class='cws_service_info'><h3 class='cws_service_title standard_spacing'>PROYECTOS PUBLICOS &amp; PRIVADOS<\/h3><div class='cws_service_desc clearfix'><p style=\"text-align: center;\">Levantamiento, dise\u00f1o\u00a0 y ejecuci\u00f3n de proyectos y programas p\u00fablicos y privados en fomento productivo y desarrollo empresarial\/emprendedor<\/p>\n<p>&nbsp;<\/p>\n<\/div><\/div><\/a><\/div><div id='cws_service_item_69f1de21b298f' class='cws_service_item cws_vc_shortcode_module a-center style_3 add_icon_hover add_icon_border'><a href='#' class='cws_service_item_wrapper clearfix'><span class='cws_searvice_icon_wrapper cws_searvice_side'><i class='cws_service_icon cws_vc_shortcode_icon_5x fas fa-gavel'><\/i><\/span><div class='cws_service_info'><h3 class='cws_service_title standard_spacing'>ASESOR\u00cdA JUR\u00cdDICA<\/h3><div class='cws_service_desc clearfix'><p style=\"text-align: center;\">Servicios de asesor\u00edas en temas jur\u00eddicos empresariales, constituciones de empresas, an\u00e1lisis jur\u00eddico empresarial<\/p>\n<p>&nbsp;<\/p>\n<p>&nbsp;<\/p>\n<\/div><\/div><\/a><\/div><div id='cws_service_item_69f1de21b2ada' class='cws_service_item cws_vc_shortcode_module a-center style_3 add_icon_hover add_icon_border'><a href='#' class='cws_service_item_wrapper clearfix'><span class='cws_searvice_icon_wrapper cws_searvice_side'><i class='cws_service_icon cws_vc_shortcode_icon_5x fas fa-dumpster'><\/i><\/span><div class='cws_service_info'><h3 class='cws_service_title standard_spacing'>ESTUDIOS DE MERCADO<\/h3><div class='cws_service_desc clearfix'><p style=\"text-align: center;\">Realizaci\u00f3n de investigaciones de mercado, para dise\u00f1o y mejoras de campa\u00f1as comerciales y de marketing, levantamiento de informaci\u00f3n de car\u00e1cter comercial.<\/p>\n<p>&nbsp;<\/p>\n<\/div><\/div><\/a><\/div><div id='cws_service_item_69f1de21b2c1a' class='cws_service_item cws_vc_shortcode_module a-center style_3 add_icon_hover add_icon_border'><a href='#' class='cws_service_item_wrapper clearfix'><span class='cws_searvice_icon_wrapper cws_searvice_side'><i class='cws_service_icon cws_vc_shortcode_icon_5x fas fa-industry'><\/i><\/span><div class='cws_service_info'><h3 class='cws_service_title standard_spacing'>ASESOR\u00cdA COMERCIAL<\/h3><div class='cws_service_desc clearfix'><p style=\"text-align: center;\">Asesor\u00edas para el dise\u00f1o de procesos y herramientas comerciales, innovadoras y competitivas y hechas a la medida, para mejorar la gesti\u00f3n y procesos de un negocio.<\/p>\n<\/div><\/div><\/a><\/div><div id='cws_service_item_69f1de21b2d53' class='cws_service_item cws_vc_shortcode_module a-center style_3 add_icon_hover add_icon_border'><a href='#' class='cws_service_item_wrapper clearfix'><span class='cws_searvice_icon_wrapper cws_searvice_side'><i class='cws_service_icon cws_vc_shortcode_icon_5x fas fa-users'><\/i><\/span><div class='cws_service_info'><h3 class='cws_service_title standard_spacing'>SELECCI\u00d3N DE PERSONAL<\/h3><div class='cws_service_desc clearfix'><p style=\"text-align: center;\">Reclutamiento y selecci\u00f3n de personal, entrevistas psicol\u00f3gicas y t\u00e9cnicas, confecci\u00f3n de informes para recursos humanos<\/p>\n<p>&nbsp;<\/p>\n<p>&nbsp;<\/p>\n<\/div><\/div><\/a><\/div>[\/vc_column][vc_column width=&#8221;1\/4&#8243;]<div id='cws_service_item_69f1de21b2e8f' class='cws_service_item cws_vc_shortcode_module a-center style_3 add_icon_hover add_icon_border'><a href='#' class='cws_service_item_wrapper clearfix'><span class='cws_searvice_icon_wrapper cws_searvice_side'><i class='cws_service_icon cws_vc_shortcode_icon_5x fas fa-coins'><\/i><\/span><div class='cws_service_info'><h3 class='cws_service_title standard_spacing'>AN\u00c1LISIS FINANCIERO<\/h3><div class='cws_service_desc clearfix'><p style=\"text-align: center;\">An\u00e1lisis y diagnostico de cuentas financieras empresariales, informes de ratios financieros, an\u00e1lisis de gesti\u00f3n financiera empresarial<\/p>\n<p>&nbsp;<\/p>\n<p style=\"text-align: center;\">\n<\/div><\/div><\/a><\/div><div id='cws_service_item_69f1de21b2fc5' class='cws_service_item cws_vc_shortcode_module a-center style_3 add_icon_hover add_icon_border'><a href='#' class='cws_service_item_wrapper clearfix'><span class='cws_searvice_icon_wrapper cws_searvice_side'><i class='cws_service_icon cws_vc_shortcode_icon_5x fab fa-twitter'><\/i><\/span><div class='cws_service_info'><h3 class='cws_service_title standard_spacing'>MARKETING DIGITAL<\/h3><div class='cws_service_desc clearfix'><p style=\"text-align: center;\">Servicios de dise\u00f1o, ejecuci\u00f3n, y evaluaci\u00f3n de campa\u00f1as de marketing digital, dise\u00f1o de herramientas online, estad\u00edsticas, posicionamiento de marca, uso comercial de redes sociales, entre otros<\/p>\n<p>&nbsp;<\/p>\n<\/div><\/div><\/a><\/div><div id='cws_service_item_69f1de21b30f7' class='cws_service_item cws_vc_shortcode_module a-center style_3 add_icon_hover add_icon_border'><a href='#' class='cws_service_item_wrapper clearfix'><span class='cws_searvice_icon_wrapper cws_searvice_side'><i class='cws_service_icon cws_vc_shortcode_icon_5x fas fa-file-excel'><\/i><\/span><div class='cws_service_info'><h3 class='cws_service_title standard_spacing'>HERRAMIENTAS OFFICE<\/h3><div class='cws_service_desc clearfix'><p>Capacitaci\u00f3n y asesor\u00edas t\u00e9cnicas en la utilizaci\u00f3n de herramientas que trae el paquete de Microsoft Office como lo son manejo de Excel, Word, Power Point<\/p>\n<\/div><\/div><\/a><\/div><div id='cws_service_item_69f1de21b3227' class='cws_service_item cws_vc_shortcode_module a-center style_3 add_icon_hover add_icon_border'><a href='#' class='cws_service_item_wrapper clearfix'><span class='cws_searvice_icon_wrapper cws_searvice_side'><i class='cws_service_icon cws_vc_shortcode_icon_5x fab fa-windows'><\/i><\/span><div class='cws_service_info'><h3 class='cws_service_title standard_spacing'>SOFTWARE A LA MEDIDA<\/h3><div class='cws_service_desc clearfix'><p style=\"text-align: center;\">Dise\u00f1o e instalaci\u00f3n de software de gesti\u00f3n empresarial y tecnol\u00f3gica, realizados a la medida del cliente y a precios de mercado.<\/p>\n<\/div><\/div><\/a><\/div>[\/vc_column][\/vc_row][vc_row full_width=&#8221;stretch_row&#8221; bg_cws_repeat=&#8221;no-repeat&#8221; bg_cws_attachment=&#8221;fixed&#8221; bg_cws_size=&#8221;cover&#8221; css=&#8221;.vc_custom_1603216681681{padding-top: 170px !important;padding-bottom: 170px !important;background-image: url(https:\/\/cimasoluciones.cl\/wp-content\/uploads\/2020\/10\/unnamed.jpg?id=16024) !important;}&#8221;][vc_column][\/vc_column][\/vc_row][vc_row full_width=&#8221;stretch_row&#8221; css=&#8221;.vc_custom_1512727009827{padding-top: 90px !important;}&#8221;][vc_column][vc_column_text]\n<h2>Somos consultores habilitados para trabajar con:<\/h2>\n[\/vc_column_text][\/vc_column][\/vc_row][vc_row full_width=&#8221;stretch_row&#8221; css=&#8221;.vc_custom_1512727009827{padding-top: 90px !important;}&#8221;][vc_column width=&#8221;1\/2&#8243;]<div class='cws_vc_shortcode_pb cws_vc_shortcode_module'><p class='cws_vc_shortcode_pb_title' style='color: #000000;'>Mercado P\u00fablico<\/p><div class='pb_bar_title' style='color: #000000;'>100%<\/div><div class='cws_vc_shortcode_pb_bar'><div class='cws_vc_shortcode_pb_progress' data-value='100' style='width:0%;background-color: #ff4a81;'><\/div><\/div><\/div><div class='cws_vc_shortcode_pb cws_vc_shortcode_module'><p class='cws_vc_shortcode_pb_title' style='color: #000000;'>Chile Proveedores<\/p><div class='pb_bar_title' style='color: #000000;'>100%<\/div><div class='cws_vc_shortcode_pb_bar'><div class='cws_vc_shortcode_pb_progress' data-value='100' style='width:0%;background-color: #ff4a81;'><\/div><\/div><\/div><div class='cws_vc_shortcode_pb cws_vc_shortcode_module'><p class='cws_vc_shortcode_pb_title' style='color: #000000;'>Sercotec<\/p><div class='pb_bar_title' style='color: #000000;'>100%<\/div><div class='cws_vc_shortcode_pb_bar'><div class='cws_vc_shortcode_pb_progress' data-value='100' style='width:0%;background-color: #ff4a81;'><\/div><\/div><\/div><div class='cws_vc_shortcode_pb cws_vc_shortcode_module'><p class='cws_vc_shortcode_pb_title' style='color: #000000;'>Corfo<\/p><div class='pb_bar_title' style='color: #000000;'>100%<\/div><div class='cws_vc_shortcode_pb_bar'><div class='cws_vc_shortcode_pb_progress' data-value='100' style='width:0%;background-color: #ff4a81;'><\/div><\/div><\/div><div class='cws_vc_shortcode_pb cws_vc_shortcode_module'><p class='cws_vc_shortcode_pb_title' style='color: #000000;'>Fomento Los R\u00edos<\/p><div class='pb_bar_title' style='color: #000000;'>100%<\/div><div class='cws_vc_shortcode_pb_bar'><div class='cws_vc_shortcode_pb_progress' data-value='100' style='width:0%;background-color: #ff4a81;'><\/div><\/div><\/div><div class='cws_vc_shortcode_pb cws_vc_shortcode_module'><p class='cws_vc_shortcode_pb_title' style='color: #000000;'>Fosis<\/p><div class='pb_bar_title' style='color: #000000;'>100%<\/div><div class='cws_vc_shortcode_pb_bar'><div class='cws_vc_shortcode_pb_progress' data-value='100' style='width:0%;background-color: #ff4a81;'><\/div><\/div><\/div><div class='cws_vc_shortcode_pb cws_vc_shortcode_module'><p class='cws_vc_shortcode_pb_title' style='color: #000000;'>INDAP<\/p><div class='pb_bar_title' style='color: #000000;'>100%<\/div><div class='cws_vc_shortcode_pb_bar'><div class='cws_vc_shortcode_pb_progress' data-value='100' style='width:0%;background-color: #ff4a81;'><\/div><\/div><\/div><div class='cws_vc_shortcode_pb cws_vc_shortcode_module'><p class='cws_vc_shortcode_pb_title' style='color: #000000;'>SENAMA<\/p><div class='pb_bar_title' style='color: #000000;'>100%<\/div><div class='cws_vc_shortcode_pb_bar'><div class='cws_vc_shortcode_pb_progress' data-value='100' style='width:0%;background-color: #ff4a81;'><\/div><\/div><\/div><div class='cws_vc_shortcode_pb cws_vc_shortcode_module'><p class='cws_vc_shortcode_pb_title' style='color: #000000;'>CONADI<\/p><div class='pb_bar_title' style='color: #000000;'>100%<\/div><div class='cws_vc_shortcode_pb_bar'><div class='cws_vc_shortcode_pb_progress' data-value='100' style='width:0%;background-color: #ff4a81;'><\/div><\/div><\/div><div class='cws_vc_shortcode_pb cws_vc_shortcode_module'><p class='cws_vc_shortcode_pb_title' style='color: #000000;'>Comit\u00e8 de Fomento y Desarrollo Ind\u00edgena<\/p><div class='pb_bar_title' style='color: #000000;'>100%<\/div><div class='cws_vc_shortcode_pb_bar'><div class='cws_vc_shortcode_pb_progress' data-value='100' style='width:0%;background-color: #ff4a81;'><\/div><\/div><\/div><div class='cws_vc_shortcode_pb cws_vc_shortcode_module'><p class='cws_vc_shortcode_pb_title' style='color: #000000;'>Agentes Operadores Intermediarios de Fomento Los R\u00edos<\/p><div class='pb_bar_title' style='color: #000000;'>100%<\/div><div class='cws_vc_shortcode_pb_bar'><div class='cws_vc_shortcode_pb_progress' data-value='100' style='width:0%;background-color: #ff4a81;'><\/div><\/div><\/div>[\/vc_column][vc_column width=&#8221;1\/2&#8243;][vc_zigzag color=&#8221;white&#8221;][vc_column_text]<img loading=\"lazy\" decoding=\"async\" class=\"size-full wp-image-15782 aligncenter\" src=\"https:\/\/cimasoluciones.cl\/wp-content\/uploads\/2020\/10\/logos.jpg\" alt=\"\" width=\"667\" height=\"674\" srcset=\"https:\/\/cimasoluciones.cl\/wp-content\/uploads\/2020\/10\/logos.jpg 667w, https:\/\/cimasoluciones.cl\/wp-content\/uploads\/2020\/10\/logos-297x300.jpg 297w\" sizes=\"auto, (max-width: 667px) 100vw, 667px\" \/>[\/vc_column_text][\/vc_column][\/vc_row][vc_row css=&#8221;.vc_custom_1514445101476{padding-top: 90px !important;padding-bottom: 50px !important;}&#8221;][vc_column][vc_column_text]\n<div class=\"ce_title\"><strong>CONTACTO <span style=\"color: #00e7b4;\">\/ <\/span><span style=\"color: #e5e5e5;\">COMUNIQUESE CON NOSOTROS<\/span><\/strong><\/div>\n[\/vc_column_text][vc_row_inner css=&#8221;.vc_custom_1513070211049{padding-top: 30px !important;}&#8221;][vc_column_inner width=&#8221;1\/4&#8243;]<div id='cws_service_item_69f1de21b3478' class='cws_service_item cws_vc_shortcode_module style_1'><div class='cws_service_item_wrapper clearfix'><span class='cws_searvice_icon_wrapper cws_searvice_side'><i class='cws_service_icon cws_vc_shortcode_icon_3x fas fa-map-marker-alt'><\/i><\/span><div class='cws_service_info'><h3 class='cws_service_title standard_spacing'>Direcci\u00f3n<\/h3><div class='cws_service_desc clearfix'><p>Arauco 136, Of 12<br \/>\nValdivia, Chile<\/p>\n<\/div><\/div><\/div><\/div>[\/vc_column_inner][vc_column_inner width=&#8221;1\/4&#8243;]<div id='cws_service_item_69f1de21b358c' class='cws_service_item cws_vc_shortcode_module style_1'><div class='cws_service_item_wrapper clearfix'><span class='cws_searvice_icon_wrapper cws_searvice_side'><i class='cws_service_icon cws_vc_shortcode_icon_3x fas fa-phone-alt'><\/i><\/span><div class='cws_service_info'><h3 class='cws_service_title standard_spacing'>Tel\u00e9fono y Whatsapp<\/h3><div class='cws_service_desc clearfix'><p>+56 632 277230<br \/>\n+569 99127496<\/p>\n<\/div><\/div><\/div><\/div>[\/vc_column_inner][vc_column_inner width=&#8221;1\/4&#8243;]<div id='cws_service_item_69f1de21b369a' class='cws_service_item cws_vc_shortcode_module style_1'><div class='cws_service_item_wrapper clearfix'><span class='cws_searvice_icon_wrapper cws_searvice_side'><i class='cws_service_icon cws_vc_shortcode_icon_3x fas fa-envelope-open'><\/i><\/span><div class='cws_service_info'><h3 class='cws_service_title standard_spacing'>Correo electr\u00f3nico<\/h3><div class='cws_service_desc clearfix'><p>contacto@cimasoluciones.cl<\/p>\n<\/div><\/div><\/div><\/div>[\/vc_column_inner][vc_column_inner width=&#8221;1\/4&#8243;]<div id='cws_service_item_69f1de21b37b4' class='cws_service_item cws_vc_shortcode_module style_1'><div class='cws_service_item_wrapper clearfix'><span class='cws_searvice_icon_wrapper cws_searvice_side'><i class='cws_service_icon cws_vc_shortcode_icon_3x fas fa-history'><\/i><\/span><div class='cws_service_info'><h3 class='cws_service_title standard_spacing'>Horario atenci\u00f3n:<\/h3><div class='cws_service_desc clearfix'><p>Lun. &#8211; Vier. 09:00 &#8211; 18:00hrs<\/p>\n<\/div><\/div><\/div><\/div>[\/vc_column_inner][\/vc_row_inner][\/vc_column][\/vc_row][vc_row full_width=&#8221;stretch_row_content_no_spaces&#8221;][vc_column][\/vc_column][\/vc_row]\n","protected":false},"excerpt":{"rendered":"<p>[vc_row][vc_column][vc_column_text] \u00bfA QUE NOS DEDICAMOS? [\/vc_column_text][\/vc_column][\/vc_row][vc_row css=&#8221;.vc_custom_1513322033714{padding-bottom: 70px !important;}&#8221;][vc_column width=&#8221;1\/4&#8243;][\/vc_column][vc_column width=&#8221;1\/4&#8243;][\/vc_column][vc_column width=&#8221;1\/4&#8243;][\/vc_column][vc_column width=&#8221;1\/4&#8243;][\/vc_column][\/vc_row][vc_row full_width=&#8221;stretch_row&#8221; bg_cws_repeat=&#8221;no-repeat&#8221; bg_cws_attachment=&#8221;fixed&#8221; bg_cws_size=&#8221;cover&#8221; css=&#8221;.vc_custom_1603216681681{padding-top: 170px !important;padding-bottom: 170px !important;background-image: url(https:\/\/cimasoluciones.cl\/wp-content\/uploads\/2020\/10\/unnamed.jpg?id=16024) !important;}&#8221;][vc_column][\/vc_column][\/vc_row][vc_row full_width=&#8221;stretch_row&#8221; css=&#8221;.vc_custom_1512727009827{padding-top: 90px !important;}&#8221;][vc_column][vc_column_text] Somos consultores habilitados para trabajar con: [\/vc_column_text][\/vc_column][\/vc_row][vc_row full_width=&#8221;stretch_row&#8221; css=&#8221;.vc_custom_1512727009827{padding-top: 90px !important;}&#8221;][vc_column width=&#8221;1\/2&#8243;][\/vc_column][vc_column width=&#8221;1\/2&#8243;][vc_zigzag color=&#8221;white&#8221;][vc_column_text][\/vc_column_text][\/vc_column][\/vc_row][vc_row css=&#8221;.vc_custom_1514445101476{padding-top: 90px !important;padding-bottom: 50px !important;}&#8221;][vc_column][vc_column_text] CONTACTO \/ COMUNIQUESE CON NOSOTROS [\/vc_column_text][vc_row_inner css=&#8221;.vc_custom_1513070211049{padding-top: 30px !important;}&#8221;][vc_column_inner width=&#8221;1\/4&#8243;][\/vc_column_inner][vc_column_inner width=&#8221;1\/4&#8243;][\/vc_column_inner][vc_column_inner width=&#8221;1\/4&#8243;][\/vc_column_inner][vc_column_inner width=&#8221;1\/4&#8243;][\/vc_column_inner][\/vc_row_inner][\/vc_column][\/vc_row][vc_row full_width=&#8221;stretch_row_content_no_spaces&#8221;][vc_column][\/vc_column][\/vc_row]<\/p>\n","protected":false},"author":1,"featured_media":0,"parent":0,"menu_order":0,"comment_status":"closed","ping_status":"closed","template":"","meta":{"ngg_post_thumbnail":0,"footnotes":""},"class_list":["post-5497","page","type-page","status-publish","hentry"],"_links":{"self":[{"href":"https:\/\/cimasoluciones.cl\/index.php\/wp-json\/wp\/v2\/pages\/5497","targetHints":{"allow":["GET"]}}],"collection":[{"href":"https:\/\/cimasoluciones.cl\/index.php\/wp-json\/wp\/v2\/pages"}],"about":[{"href":"https:\/\/cimasoluciones.cl\/index.php\/wp-json\/wp\/v2\/types\/page"}],"author":[{"embeddable":true,"href":"https:\/\/cimasoluciones.cl\/index.php\/wp-json\/wp\/v2\/users\/1"}],"replies":[{"embeddable":true,"href":"https:\/\/cimasoluciones.cl\/index.php\/wp-json\/wp\/v2\/comments?post=5497"}],"version-history":[{"count":25,"href":"https:\/\/cimasoluciones.cl\/index.php\/wp-json\/wp\/v2\/pages\/5497\/revisions"}],"predecessor-version":[{"id":16283,"href":"https:\/\/cimasoluciones.cl\/index.php\/wp-json\/wp\/v2\/pages\/5497\/revisions\/16283"}],"wp:attachment":[{"href":"https:\/\/cimasoluciones.cl\/index.php\/wp-json\/wp\/v2\/media?parent=5497"}],"curies":[{"name":"wp","href":"https:\/\/api.w.org\/{rel}","templated":true}]}}