{"id":5294,"date":"2017-06-28T11:15:19","date_gmt":"2017-06-28T11:15:19","guid":{"rendered":"https:\/\/cimasoluciones.cl\/index.php\/about-us\/"},"modified":"2020-10-20T17:54:31","modified_gmt":"2020-10-20T17:54:31","slug":"about-us","status":"publish","type":"page","link":"https:\/\/cimasoluciones.cl\/index.php\/about-us\/","title":{"rendered":"Quienes somos"},"content":{"rendered":"[vc_row][vc_column width=&#8221;1\/2&#8243;][vc_column_text]\n<h2 class=\"ce_title\"><strong>Quienes somos <span style=\"color: #00e7b4;\">\/<\/span><\/strong><br \/>\n<em><strong><span style=\"color: #e5e5e5;\">CIMA SOLUCIONES<\/span><\/strong><\/em><\/h2>\n<p style=\"text-align: justify;\"><span style=\"color: #00e7b4;\"><strong>\/\u00a0 <\/strong><\/span>Somos una empresa regional, formada por profesionales j\u00f3venes de excelencia en distintos \u00e1mbitos, con diversas especializaciones y que sumamos nuestras experiencias y conocimientos t\u00e9cnicos, para brindarle un servicio integral, flexible y de calidad, adecuado a las necesidades de su negocio y de su mercado, con una garant\u00eda de satisfacci\u00f3n.<\/p>\n<p><span style=\"color: #00e7b4;\"><strong>\/<\/strong><\/span> Nos esforzamos d\u00eda a d\u00eda no solo por entregar un buen producto o servicio, si no que tambi\u00e9n entregar una atenci\u00f3n de calidad, escuchando primero a nuestros clientes para luego de asesoraros y guiarlos en la entrega de un producto que garantice su satisfacci\u00f3n.[\/vc_column_text][\/vc_column][vc_column width=&#8221;1\/2&#8243; bg_cws_repeat=&#8221;no-repeat&#8221;][vc_column_text]<img loading=\"lazy\" decoding=\"async\" class=\"alignnone size-full wp-image-16016\" src=\"https:\/\/cimasoluciones.cl\/wp-content\/uploads\/2020\/10\/12.png\" alt=\"\" width=\"512\" height=\"354\" srcset=\"https:\/\/cimasoluciones.cl\/wp-content\/uploads\/2020\/10\/12.png 512w, https:\/\/cimasoluciones.cl\/wp-content\/uploads\/2020\/10\/12-300x207.png 300w\" sizes=\"auto, (max-width: 512px) 100vw, 512px\" \/>[\/vc_column_text][\/vc_column][\/vc_row][vc_row full_width=&#8221;stretch_row_content&#8221; bg_cws_repeat=&#8221;no-repeat&#8221; bg_cws_attachment=&#8221;fixed&#8221; bg_cws_size=&#8221;cover&#8221; bg_image_position=&#8221;center_center&#8221; bg_cws_color=&#8221;color&#8221; cws_overlay_color=&#8221;rgba(0,0,0,0.6)&#8221; css=&#8221;.vc_custom_1602970231343{padding-top: 100px !important;padding-bottom: 100px !important;background-image: url(https:\/\/cimasoluciones.cl\/wp-content\/uploads\/2020\/10\/venta2-1.jpg?id=15816) !important;}&#8221;][vc_column width=&#8221;1\/4&#8243;][\/vc_column][vc_column width=&#8221;1\/4&#8243;][vc_column_text]\n<h3><span style=\"color: #ffffff;\"><strong>MISI\u00d3N<\/strong><\/span><\/h3>\n<p><span style=\"color: #ffffff;\">Nuestra misi\u00f3n, es ser una empresa regional, enfocada a prestar soluciones empresariales de calidad, flexibles, adecuada a las necesidades de nuestros clientes, aportando soluciones creativas y realistas, basadas en el conocimiento t\u00e9cnico de vanguardia, para mejorar los procesos y resultados comerciales de estos, y donde el factor humano sea uno de los pilares fundamentales, para conducir al \u00e9xito de nuestros clientes.<\/span><\/p>\n<p>&nbsp;[\/vc_column_text][\/vc_column][vc_column width=&#8221;1\/4&#8243;][vc_column_text]\n<h3><span style=\"color: #ffffff;\"><strong>VISI\u00d3N<\/strong><\/span><\/h3>\n<p><span style=\"color: #ffffff;\">Nuestra visi\u00f3n, es ser una empresa regional l\u00edder en entregar soluciones profesionales de calidad, \u00f3ptimas y flexibles al tama\u00f1o y caracter\u00edsticas de su negocio. Donde nuestro negocio es que su negocio sea cada vez m\u00e1s competitivo y rentable. Donde su satisfacci\u00f3n, la excelencia profesional y calidad humana sean un sello distintivo.<\/span>[\/vc_column_text][\/vc_column][vc_column width=&#8221;1\/4&#8243;][\/vc_column][\/vc_row][vc_row css=&#8221;.vc_custom_1513068584424{padding-top: 90px !important;}&#8221;][vc_column][vc_column_text]\n<h2>NUESTROS VALORES<\/h2>\n[\/vc_column_text]<div class='cws_vc_shortcode_pb cws_vc_shortcode_module'><p class='cws_vc_shortcode_pb_title' style='color: #000000;'>CLIENTE \/\/ Como foco principal y el sentido de nuestra existencia, clientes satisfechos y fieles, nuestra meta<\/p><div class='pb_bar_title' style='color: #000000;'>100%<\/div><div class='cws_vc_shortcode_pb_bar'><div class='cws_vc_shortcode_pb_progress' data-value='100' style='width:0%;background-color: #0090ce;'><\/div><\/div><\/div><div class='cws_vc_shortcode_pb cws_vc_shortcode_module'><p class='cws_vc_shortcode_pb_title' style='color: #000000;'>CALIDAD \/\/ En un proceso de mejoramiento continuo, de nuestra oferta de servicios.<\/p><div class='pb_bar_title' style='color: #000000;'>100%<\/div><div class='cws_vc_shortcode_pb_bar'><div class='cws_vc_shortcode_pb_progress' data-value='100' style='width:0%;background-color: #0090ce;'><\/div><\/div><\/div><div class='cws_vc_shortcode_pb cws_vc_shortcode_module'><p class='cws_vc_shortcode_pb_title' style='color: #000000;'>FLEXIBILIDAD \/\/ Para adecuarnos a los tiempos y requerimientos de nuestros clientes.<\/p><div class='pb_bar_title' style='color: #000000;'>100%<\/div><div class='cws_vc_shortcode_pb_bar'><div class='cws_vc_shortcode_pb_progress' data-value='100' style='width:0%;background-color: #0090ce;'><\/div><\/div><\/div><div class='cws_vc_shortcode_pb cws_vc_shortcode_module'><p class='cws_vc_shortcode_pb_title' style='color: #000000;'>PERSONAS \/\/ donde nuestro equipo se valora y respeta, y donde se entiende que nuestros clientes tambi\u00e9n son personas.<\/p><div class='pb_bar_title' style='color: #000000;'>100%<\/div><div class='cws_vc_shortcode_pb_bar'><div class='cws_vc_shortcode_pb_progress' data-value='100' style='width:0%;background-color: #0090ce;'><\/div><\/div><\/div><div class='cws_vc_shortcode_pb cws_vc_shortcode_module'><p class='cws_vc_shortcode_pb_title' style='color: #000000;'>EXCELENCIA \/\/ En nuestros servicios, en nuestra atenci\u00f3n a clientes, en nuestros procesos.<\/p><div class='pb_bar_title' style='color: #000000;'>100%<\/div><div class='cws_vc_shortcode_pb_bar'><div class='cws_vc_shortcode_pb_progress' data-value='100' style='width:0%;background-color: #0090ce;'><\/div><\/div><\/div><div class='cws_vc_shortcode_pb cws_vc_shortcode_module'><p class='cws_vc_shortcode_pb_title' style='color: #000000;'>CREATIVIDAD \/\/ Como foco principal y el sentido de nuestra existencia, clientes satisfechos y fieles, nuestra meta<\/p><div class='pb_bar_title' style='color: #000000;'>100%<\/div><div class='cws_vc_shortcode_pb_bar'><div class='cws_vc_shortcode_pb_progress' data-value='100' style='width:0%;background-color: #0090ce;'><\/div><\/div><\/div><div class='cws_vc_shortcode_pb cws_vc_shortcode_module'><p class='cws_vc_shortcode_pb_title' style='color: #000000;'>VANGUARDIA \/\/ Para abordar nuestros negocios, nuestras soluciones, nuestras complejidades.<\/p><div class='pb_bar_title' style='color: #000000;'>100%<\/div><div class='cws_vc_shortcode_pb_bar'><div class='cws_vc_shortcode_pb_progress' data-value='100' style='width:0%;background-color: #0090ce;'><\/div><\/div><\/div>[vc_zigzag color=&#8221;white&#8221;][vc_zigzag color=&#8221;white&#8221;][vc_zigzag color=&#8221;white&#8221;][vc_column_text]\n<div class=\"ce_title\"><strong>CONTACTO <span style=\"color: #00e7b4;\">\/ <\/span><em><span style=\"color: #e5e5e5;\">NO DUDE EN CONTACTARNOS<\/span><\/em><\/strong><\/div>\n[\/vc_column_text][vc_row_inner css=&#8221;.vc_custom_1513070211049{padding-top: 30px !important;}&#8221;][vc_column_inner width=&#8221;1\/4&#8243;]<div id='cws_service_item_69f278cbb32f5' class='cws_service_item cws_vc_shortcode_module style_1'><div class='cws_service_item_wrapper clearfix'><span class='cws_searvice_icon_wrapper cws_searvice_side'><i class='cws_service_icon cws_vc_shortcode_icon_3x fas fa-map-marker-alt'><\/i><\/span><div class='cws_service_info'><h3 class='cws_service_title standard_spacing'>Direcci\u00f3n<\/h3><div class='cws_service_desc clearfix'><p>Arauco 136, Of 12<br \/>\nValdivia, Chile<\/p>\n<\/div><\/div><\/div><\/div>[\/vc_column_inner][vc_column_inner width=&#8221;1\/4&#8243;]<div id='cws_service_item_69f278cbb3489' class='cws_service_item cws_vc_shortcode_module style_1'><div class='cws_service_item_wrapper clearfix'><span class='cws_searvice_icon_wrapper cws_searvice_side'><i class='cws_service_icon cws_vc_shortcode_icon_3x fas fa-phone-alt'><\/i><\/span><div class='cws_service_info'><h3 class='cws_service_title standard_spacing'>Tel\u00e9fono y Whatsapp<\/h3><div class='cws_service_desc clearfix'><p>+56 632 277230<br \/>\n+569 99127496<\/p>\n<\/div><\/div><\/div><\/div>[\/vc_column_inner][vc_column_inner width=&#8221;1\/4&#8243;]<div id='cws_service_item_69f278cbb35c4' class='cws_service_item cws_vc_shortcode_module style_1'><div class='cws_service_item_wrapper clearfix'><span class='cws_searvice_icon_wrapper cws_searvice_side'><i class='cws_service_icon cws_vc_shortcode_icon_3x fas fa-envelope-open'><\/i><\/span><div class='cws_service_info'><h3 class='cws_service_title standard_spacing'>Correo electr\u00f3nico<\/h3><div class='cws_service_desc clearfix'><p>contacto@cimasoluciones.cl<\/p>\n<\/div><\/div><\/div><\/div>[\/vc_column_inner][vc_column_inner width=&#8221;1\/4&#8243;]<div id='cws_service_item_69f278cbb36fb' class='cws_service_item cws_vc_shortcode_module style_1'><div class='cws_service_item_wrapper clearfix'><span class='cws_searvice_icon_wrapper cws_searvice_side'><i class='cws_service_icon cws_vc_shortcode_icon_3x fas fa-history'><\/i><\/span><div class='cws_service_info'><h3 class='cws_service_title standard_spacing'>Horario atenci\u00f3n:<\/h3><div class='cws_service_desc clearfix'><p>Lun. &#8211; Vier. 09:00- 18:00hrs<\/p>\n<p>&nbsp;<\/p>\n<\/div><\/div><\/div><\/div>[\/vc_column_inner][\/vc_row_inner][\/vc_column][\/vc_row][vc_row full_width=&#8221;stretch_row_content_no_spaces&#8221;][vc_column][\/vc_column][\/vc_row]\n","protected":false},"excerpt":{"rendered":"<p>[vc_row][vc_column width=&#8221;1\/2&#8243;][vc_column_text] Quienes somos \/ CIMA SOLUCIONES \/\u00a0 Somos una empresa regional, formada por profesionales j\u00f3venes de excelencia en distintos \u00e1mbitos, con diversas especializaciones y que sumamos nuestras experiencias y conocimientos t\u00e9cnicos, para brindarle un servicio integral, flexible y de calidad, adecuado a las necesidades de su negocio y de su mercado, con una garant\u00eda de satisfacci\u00f3n. \/ Nos esforzamos d\u00eda a d\u00eda no solo por entregar un buen producto o servicio, si no que tambi\u00e9n entregar una atenci\u00f3n de calidad, escuchando primero a nuestros clientes para luego de asesoraros y guiarlos en la entrega de un producto que garantice su satisfacci\u00f3n.[\/vc_column_text][\/vc_column][vc_column width=&#8221;1\/2&#8243; bg_cws_repeat=&#8221;no-repeat&#8221;][vc_column_text][\/vc_column_text][\/vc_column][\/vc_row][vc_row full_width=&#8221;stretch_row_content&#8221; bg_cws_repeat=&#8221;no-repeat&#8221; bg_cws_attachment=&#8221;fixed&#8221; bg_cws_size=&#8221;cover&#8221; bg_image_position=&#8221;center_center&#8221; bg_cws_color=&#8221;color&#8221; cws_overlay_color=&#8221;rgba(0,0,0,0.6)&#8221; css=&#8221;.vc_custom_1602970231343{padding-top: 100px !important;padding-bottom: 100px !important;background-image: url(https:\/\/cimasoluciones.cl\/wp-content\/uploads\/2020\/10\/venta2-1.jpg?id=15816) !important;}&#8221;][vc_column width=&#8221;1\/4&#8243;][\/vc_column][vc_column width=&#8221;1\/4&#8243;][vc_column_text] MISI\u00d3N Nuestra misi\u00f3n, es ser una empresa regional, enfocada a prestar soluciones empresariales de calidad, flexibles, adecuada a las necesidades de nuestros clientes, aportando soluciones creativas y realistas, basadas en el conocimiento t\u00e9cnico de vanguardia, para mejorar los procesos y resultados comerciales de estos, y donde el factor humano sea uno de los pilares fundamentales, para conducir al \u00e9xito de nuestros clientes. &nbsp;[\/vc_column_text][\/vc_column][vc_column width=&#8221;1\/4&#8243;][vc_column_text] VISI\u00d3N Nuestra visi\u00f3n, es ser una empresa regional l\u00edder en entregar soluciones profesionales de calidad, \u00f3ptimas y flexibles al tama\u00f1o y caracter\u00edsticas de su negocio. Donde nuestro negocio es que su negocio sea cada vez m\u00e1s competitivo y rentable. Donde su satisfacci\u00f3n, la excelencia profesional y calidad humana sean un sello distintivo.[\/vc_column_text][\/vc_column][vc_column width=&#8221;1\/4&#8243;][\/vc_column][\/vc_row][vc_row css=&#8221;.vc_custom_1513068584424{padding-top: 90px !important;}&#8221;][vc_column][vc_column_text] NUESTROS VALORES [\/vc_column_text][vc_zigzag color=&#8221;white&#8221;][vc_zigzag color=&#8221;white&#8221;][vc_zigzag color=&#8221;white&#8221;][vc_column_text] CONTACTO \/ NO DUDE EN CONTACTARNOS [\/vc_column_text][vc_row_inner css=&#8221;.vc_custom_1513070211049{padding-top: 30px !important;}&#8221;][vc_column_inner width=&#8221;1\/4&#8243;][\/vc_column_inner][vc_column_inner width=&#8221;1\/4&#8243;][\/vc_column_inner][vc_column_inner width=&#8221;1\/4&#8243;][\/vc_column_inner][vc_column_inner width=&#8221;1\/4&#8243;][\/vc_column_inner][\/vc_row_inner][\/vc_column][\/vc_row][vc_row full_width=&#8221;stretch_row_content_no_spaces&#8221;][vc_column][\/vc_column][\/vc_row]<\/p>\n","protected":false},"author":1,"featured_media":0,"parent":0,"menu_order":0,"comment_status":"closed","ping_status":"closed","template":"","meta":{"ngg_post_thumbnail":0,"footnotes":""},"class_list":["post-5294","page","type-page","status-publish","hentry"],"_links":{"self":[{"href":"https:\/\/cimasoluciones.cl\/index.php\/wp-json\/wp\/v2\/pages\/5294","targetHints":{"allow":["GET"]}}],"collection":[{"href":"https:\/\/cimasoluciones.cl\/index.php\/wp-json\/wp\/v2\/pages"}],"about":[{"href":"https:\/\/cimasoluciones.cl\/index.php\/wp-json\/wp\/v2\/types\/page"}],"author":[{"embeddable":true,"href":"https:\/\/cimasoluciones.cl\/index.php\/wp-json\/wp\/v2\/users\/1"}],"replies":[{"embeddable":true,"href":"https:\/\/cimasoluciones.cl\/index.php\/wp-json\/wp\/v2\/comments?post=5294"}],"version-history":[{"count":24,"href":"https:\/\/cimasoluciones.cl\/index.php\/wp-json\/wp\/v2\/pages\/5294\/revisions"}],"predecessor-version":[{"id":16022,"href":"https:\/\/cimasoluciones.cl\/index.php\/wp-json\/wp\/v2\/pages\/5294\/revisions\/16022"}],"wp:attachment":[{"href":"https:\/\/cimasoluciones.cl\/index.php\/wp-json\/wp\/v2\/media?parent=5294"}],"curies":[{"name":"wp","href":"https:\/\/api.w.org\/{rel}","templated":true}]}}