{"id":15108,"date":"2017-12-15T08:03:30","date_gmt":"2017-12-15T08:03:30","guid":{"rendered":"https:\/\/cimasoluciones.cl\/index.php\/left-sidebar\/"},"modified":"2020-10-19T20:10:51","modified_gmt":"2020-10-19T20:10:51","slug":"equipo","status":"publish","type":"page","link":"https:\/\/cimasoluciones.cl\/index.php\/equipo\/","title":{"rendered":"Equipo de trabajo"},"content":{"rendered":"[vc_row][vc_column]<div class='cws_textmodule cws_vc_shortcode_module' id='cws_textmodule_69f40d4012108'><div class='cws_textmodule_wrapper'><div class='cws_textmodule_text'><div class='cws_textmodule_content'><div class=\"ce_title\"><strong>NUESTRA AMPLIA GAMA DE PROFESIONAL <span style=\"color: #00e7b4;\">\/<\/span><\/strong><\/div>\n<div><\/div>\n<div>\n<p>Profesionales con mas de 10 a\u00f1os de experiencia en funciones ligadas al desarrollo econ\u00f3mico territorial, asesor\u00edas t\u00e9cnicas diversas para el desarrollo de Mypimes; con dominio de tem\u00e1ticas de dise\u00f1o de planes de negocios, formulaci\u00f3n y evaluaci\u00f3n de proyectos, desarrollo de sistemas de comercializaci\u00f3n, b\u00fasqueda y desarrollo de oportunidades de negocios , administraci\u00f3n y coordinaci\u00f3n de proyectos y recursos, optimizaci\u00f3n de sistemas empresariales, mejoramiento continuo, comercializaci\u00f3n de productos y servicios, fomento a la innovaci\u00f3n empresarial, redes sociales, marketing y medios digitales.<\/p>\n<p>Ingenieros Inform\u00e1tico y dise\u00f1adores, con experiencia destacable en funciones ligadas al desarrollo de sitios web autoadministrables, desarrollo de portales e- comerce, servicios de posicionamiento web, desarrollo e ingenier\u00eda de software de gesti\u00f3n empresarial, dise\u00f1o de aplicaciones web, programaci\u00f3n, formulaci\u00f3n y evaluaci\u00f3n de proyectos del rubro, dise\u00f1o grafico, dise\u00f1o y registro de marcas comerciales, uso de redes sociales con fines comerciales, mejoramiento continuo, administraci\u00f3n y control de proyectos y desarrollo de oportunidades de negocios,.<\/p>\n<\/div>\n<div><\/div>\n<\/div><\/div><\/div><\/div>[\/vc_column][\/vc_row][vc_row][vc_column width=&#8221;1\/2&#8243;][vc_zigzag color=&#8221;white&#8221;]<div class='cws_textmodule cws_vc_shortcode_module' id='cws_textmodule_69f40d40122a0'><div class='cws_textmodule_wrapper'><div class='cws_textmodule_text'><div class='cws_textmodule_content'><ul>\n<li><strong>Ingenieros Comerciales<\/strong><\/li>\n<li><strong>Ingenieros Inform\u00e1ticos<\/strong><\/li>\n<li><strong>Ingenieros Forestales<\/strong><\/li>\n<li><strong>Ingenieros Navales<\/strong><\/li>\n<li><strong>Ingenieros en alimentos<\/strong><\/li>\n<li><strong>Ingenieros Agr\u00edcolas<\/strong><\/li>\n<li><strong>Ingeniero Electr\u00f3nico<\/strong><\/li>\n<li><strong>Psic\u00f3logos<\/strong><\/li>\n<li><strong>Abogados<\/strong><\/li>\n<li><strong>Agr\u00f3nomos<\/strong><\/li>\n<li><strong>Administradores de empresas de turismo<\/strong><\/li>\n<li><strong>Administradores de empresas<\/strong><\/li>\n<li><strong>Arquitectos<\/strong><\/li>\n<li><strong>Educador de p\u00e1rvulos<\/strong><\/li>\n<\/ul>\n<\/div><\/div><\/div><\/div>[\/vc_column][vc_column width=&#8221;1\/2&#8243;][vc_column_text]\n<ul>\n<li><strong>Profesores de educaci\u00f3n f\u00edsica<\/strong><\/li>\n<li><strong>Kinesi\u00f3logos<\/strong><\/li>\n<li><strong>Dise\u00f1adores gr\u00e1ficos<\/strong><\/li>\n<li><strong>Bibliotec\u00f3logas<\/strong><\/li>\n<li><strong>Periodistas<\/strong><\/li>\n<li><strong>Contadores<\/strong><\/li>\n<li><strong>Docentes<\/strong><\/li>\n<li><strong>Productores cinematogr\u00e1ficos<\/strong><\/li>\n<li><strong>Fot\u00f3grafos<\/strong><\/li>\n<li><strong>Chef internacional<\/strong><\/li>\n<li><strong>Publicistas<\/strong><\/li>\n<li><strong>Anfitriones<\/strong><\/li>\n<li><strong>Ge\u00f3grafos<\/strong><\/li>\n<li><strong>Ingeniero en conservaci\u00f3n de recursos naturales<\/strong><\/li>\n<\/ul>\n[\/vc_column_text][\/vc_column][\/vc_row][vc_row][vc_column][vc_column_text]<img loading=\"lazy\" decoding=\"async\" class=\"wp-image-16012 aligncenter\" src=\"https:\/\/cimasoluciones.cl\/wp-content\/uploads\/2020\/10\/5-1.jpg\" alt=\"\" width=\"371\" height=\"177\" srcset=\"https:\/\/cimasoluciones.cl\/wp-content\/uploads\/2020\/10\/5-1.jpg 630w, https:\/\/cimasoluciones.cl\/wp-content\/uploads\/2020\/10\/5-1-300x143.jpg 300w\" sizes=\"auto, (max-width: 371px) 100vw, 371px\" \/>[\/vc_column_text][\/vc_column][\/vc_row]\n","protected":false},"excerpt":{"rendered":"<p>[vc_row][vc_column][\/vc_column][\/vc_row][vc_row][vc_column width=&#8221;1\/2&#8243;][vc_zigzag color=&#8221;white&#8221;][\/vc_column][vc_column width=&#8221;1\/2&#8243;][vc_column_text] Profesores de educaci\u00f3n f\u00edsica Kinesi\u00f3logos Dise\u00f1adores gr\u00e1ficos Bibliotec\u00f3logas Periodistas Contadores Docentes Productores cinematogr\u00e1ficos Fot\u00f3grafos Chef internacional Publicistas Anfitriones Ge\u00f3grafos Ingeniero en conservaci\u00f3n de recursos naturales [\/vc_column_text][\/vc_column][\/vc_row][vc_row][vc_column][vc_column_text][\/vc_column_text][\/vc_column][\/vc_row]<\/p>\n","protected":false},"author":1,"featured_media":0,"parent":0,"menu_order":0,"comment_status":"closed","ping_status":"closed","template":"","meta":{"ngg_post_thumbnail":0,"footnotes":""},"class_list":["post-15108","page","type-page","status-publish","hentry"],"_links":{"self":[{"href":"https:\/\/cimasoluciones.cl\/index.php\/wp-json\/wp\/v2\/pages\/15108","targetHints":{"allow":["GET"]}}],"collection":[{"href":"https:\/\/cimasoluciones.cl\/index.php\/wp-json\/wp\/v2\/pages"}],"about":[{"href":"https:\/\/cimasoluciones.cl\/index.php\/wp-json\/wp\/v2\/types\/page"}],"author":[{"embeddable":true,"href":"https:\/\/cimasoluciones.cl\/index.php\/wp-json\/wp\/v2\/users\/1"}],"replies":[{"embeddable":true,"href":"https:\/\/cimasoluciones.cl\/index.php\/wp-json\/wp\/v2\/comments?post=15108"}],"version-history":[{"count":12,"href":"https:\/\/cimasoluciones.cl\/index.php\/wp-json\/wp\/v2\/pages\/15108\/revisions"}],"predecessor-version":[{"id":16013,"href":"https:\/\/cimasoluciones.cl\/index.php\/wp-json\/wp\/v2\/pages\/15108\/revisions\/16013"}],"wp:attachment":[{"href":"https:\/\/cimasoluciones.cl\/index.php\/wp-json\/wp\/v2\/media?parent=15108"}],"curies":[{"name":"wp","href":"https:\/\/api.w.org\/{rel}","templated":true}]}}